{"id":2312,"date":"2025-09-06T09:11:46","date_gmt":"2025-09-06T07:11:46","guid":{"rendered":"https:\/\/sakina-therapie.pro\/?page_id=2312"},"modified":"2025-10-31T10:38:47","modified_gmt":"2025-10-31T09:38:47","slug":"accompagnement","status":"publish","type":"page","link":"https:\/\/sakina-therapie.pro\/index.php\/accompagnement\/","title":{"rendered":"Accompagnement"},"content":{"rendered":"\t\t<div data-elementor-type=\"wp-page\" data-elementor-id=\"2312\" class=\"elementor elementor-2312\" data-elementor-settings=\"{&quot;ha_cmc_init_switcher&quot;:&quot;no&quot;}\">\n\t\t\t\t<div class=\"elementor-element elementor-element-2d2e098 e-flex e-con-boxed e-con e-parent\" data-id=\"2d2e098\" data-element_type=\"container\" data-e-type=\"container\" data-settings=\"{&quot;_ha_eqh_enable&quot;:false}\">\n\t\t\t\t\t<div class=\"e-con-inner\">\n\t\t\t\t<div class=\"elementor-element elementor-element-e1f2273 elementor-widget elementor-widget-spacer\" data-id=\"e1f2273\" data-element_type=\"widget\" data-e-type=\"widget\" data-widget_type=\"spacer.default\">\n\t\t\t\t\t\t\t<div class=\"elementor-spacer\">\n\t\t\t<div class=\"elementor-spacer-inner\"><\/div>\n\t\t<\/div>\n\t\t\t\t\t\t<\/div>\n\t\t\t\t\t<\/div>\n\t\t\t\t<\/div>\n\t\t<div class=\"elementor-element elementor-element-c6bc2ef e-flex e-con-boxed e-con e-parent\" data-id=\"c6bc2ef\" data-element_type=\"container\" data-e-type=\"container\" data-settings=\"{&quot;_ha_eqh_enable&quot;:false}\">\n\t\t\t\t\t<div class=\"e-con-inner\">\n\t\t<div class=\"elementor-element elementor-element-23deddd e-con-full e-flex e-con e-child\" data-id=\"23deddd\" data-element_type=\"container\" data-e-type=\"container\" data-settings=\"{&quot;_ha_eqh_enable&quot;:false}\">\n\t\t\t\t<div class=\"elementor-element elementor-element-0373f9c elementor-invisible elementor-widget elementor-widget-image\" data-id=\"0373f9c\" data-element_type=\"widget\" data-e-type=\"widget\" data-settings=\"{&quot;_animation&quot;:&quot;bounceInLeft&quot;}\" data-widget_type=\"image.default\">\n\t\t\t\t\t\t\t\t\t\t\t\t\t\t\t<img fetchpriority=\"high\" decoding=\"async\" width=\"796\" height=\"1024\" src=\"https:\/\/sakina-therapie.pro\/wp-content\/uploads\/2025\/08\/freepik__vue-de-haut-fleurs-de-damandier-blanches-dans-un-v__43824-796x1024.jpeg\" class=\"attachment-large size-large wp-image-2166\" alt=\"\" srcset=\"https:\/\/sakina-therapie.pro\/wp-content\/uploads\/2025\/08\/freepik__vue-de-haut-fleurs-de-damandier-blanches-dans-un-v__43824-796x1024.jpeg 796w, https:\/\/sakina-therapie.pro\/wp-content\/uploads\/2025\/08\/freepik__vue-de-haut-fleurs-de-damandier-blanches-dans-un-v__43824-233x300.jpeg 233w, https:\/\/sakina-therapie.pro\/wp-content\/uploads\/2025\/08\/freepik__vue-de-haut-fleurs-de-damandier-blanches-dans-un-v__43824-768x987.jpeg 768w, https:\/\/sakina-therapie.pro\/wp-content\/uploads\/2025\/08\/freepik__vue-de-haut-fleurs-de-damandier-blanches-dans-un-v__43824.jpeg 896w\" sizes=\"(max-width: 796px) 100vw, 796px\" \/>\t\t\t\t\t\t\t\t\t\t\t\t\t\t\t<\/div>\n\t\t\t\t<\/div>\n\t\t<div class=\"elementor-element elementor-element-bf5b313 e-con-full e-flex e-con e-child\" data-id=\"bf5b313\" data-element_type=\"container\" data-e-type=\"container\" data-settings=\"{&quot;_ha_eqh_enable&quot;:false}\">\n\t\t\t\t<div class=\"elementor-element elementor-element-299b2d6 elementor-invisible elementor-widget elementor-widget-heading\" data-id=\"299b2d6\" data-element_type=\"widget\" data-e-type=\"widget\" data-settings=\"{&quot;_animation&quot;:&quot;zoomIn&quot;}\" data-widget_type=\"heading.default\">\n\t\t\t\t\t<h5 class=\"elementor-heading-title elementor-size-default\">Mon accompagnement est propos\u00e9 :\n<\/h5>\t\t\t\t<\/div>\n\t\t\t\t<div class=\"elementor-element elementor-element-2e21866 elementor-widget elementor-widget-text-editor\" data-id=\"2e21866\" data-element_type=\"widget\" data-e-type=\"widget\" data-widget_type=\"text-editor.default\">\n\t\t\t\t\t\t\t\t\t<p><strong>aux adolescentes (d\u00e8s 14 ans)<\/strong> et <strong>aux femmes musulmanes<\/strong> concernant les probl\u00e9matiques suivantes :<\/p>\t\t\t\t\t\t\t\t<\/div>\n\t\t\t\t<div class=\"elementor-element elementor-element-98edc09 elementor-icon-list--layout-traditional elementor-list-item-link-full_width elementor-widget elementor-widget-icon-list\" data-id=\"98edc09\" data-element_type=\"widget\" data-e-type=\"widget\" data-widget_type=\"icon-list.default\">\n\t\t\t\t\t\t\t<ul class=\"elementor-icon-list-items\">\n\t\t\t\t\t\t\t<li class=\"elementor-icon-list-item\">\n\t\t\t\t\t\t\t\t\t\t\t<span class=\"elementor-icon-list-icon\">\n\t\t\t\t\t\t\t<svg aria-hidden=\"true\" class=\"e-font-icon-svg e-fas-check\" viewBox=\"0 0 512 512\" xmlns=\"http:\/\/www.w3.org\/2000\/svg\"><path d=\"M173.898 439.404l-166.4-166.4c-9.997-9.997-9.997-26.206 0-36.204l36.203-36.204c9.997-9.998 26.207-9.998 36.204 0L192 312.69 432.095 72.596c9.997-9.997 26.207-9.997 36.204 0l36.203 36.204c9.997 9.997 9.997 26.206 0 36.204l-294.4 294.401c-9.998 9.997-26.207 9.997-36.204-.001z\"><\/path><\/svg>\t\t\t\t\t\t<\/span>\n\t\t\t\t\t\t\t\t\t\t<span class=\"elementor-icon-list-text\">Les maux psychologiques <\/span>\n\t\t\t\t\t\t\t\t\t<\/li>\n\t\t\t\t\t\t\t\t<li class=\"elementor-icon-list-item\">\n\t\t\t\t\t\t\t\t\t\t\t<span class=\"elementor-icon-list-icon\">\n\t\t\t\t\t\t\t<svg aria-hidden=\"true\" class=\"e-font-icon-svg e-fas-check\" viewBox=\"0 0 512 512\" xmlns=\"http:\/\/www.w3.org\/2000\/svg\"><path d=\"M173.898 439.404l-166.4-166.4c-9.997-9.997-9.997-26.206 0-36.204l36.203-36.204c9.997-9.998 26.207-9.998 36.204 0L192 312.69 432.095 72.596c9.997-9.997 26.207-9.997 36.204 0l36.203 36.204c9.997 9.997 9.997 26.206 0 36.204l-294.4 294.401c-9.998 9.997-26.207 9.997-36.204-.001z\"><\/path><\/svg>\t\t\t\t\t\t<\/span>\n\t\t\t\t\t\t\t\t\t\t<span class=\"elementor-icon-list-text\">Les maux occultes <\/span>\n\t\t\t\t\t\t\t\t\t<\/li>\n\t\t\t\t\t\t\t\t<li class=\"elementor-icon-list-item\">\n\t\t\t\t\t\t\t\t\t\t\t<span class=\"elementor-icon-list-icon\">\n\t\t\t\t\t\t\t<svg aria-hidden=\"true\" class=\"e-font-icon-svg e-fas-check\" viewBox=\"0 0 512 512\" xmlns=\"http:\/\/www.w3.org\/2000\/svg\"><path d=\"M173.898 439.404l-166.4-166.4c-9.997-9.997-9.997-26.206 0-36.204l36.203-36.204c9.997-9.998 26.207-9.998 36.204 0L192 312.69 432.095 72.596c9.997-9.997 26.207-9.997 36.204 0l36.203 36.204c9.997 9.997 9.997 26.206 0 36.204l-294.4 294.401c-9.998 9.997-26.207 9.997-36.204-.001z\"><\/path><\/svg>\t\t\t\t\t\t<\/span>\n\t\t\t\t\t\t\t\t\t\t<span class=\"elementor-icon-list-text\"> \u2060Les difficult\u00e9s dans la religiosit\u00e9 <\/span>\n\t\t\t\t\t\t\t\t\t<\/li>\n\t\t\t\t\t\t\t\t<li class=\"elementor-icon-list-item\">\n\t\t\t\t\t\t\t\t\t\t\t<span class=\"elementor-icon-list-icon\">\n\t\t\t\t\t\t\t<svg aria-hidden=\"true\" class=\"e-font-icon-svg e-fas-check\" viewBox=\"0 0 512 512\" xmlns=\"http:\/\/www.w3.org\/2000\/svg\"><path d=\"M173.898 439.404l-166.4-166.4c-9.997-9.997-9.997-26.206 0-36.204l36.203-36.204c9.997-9.998 26.207-9.998 36.204 0L192 312.69 432.095 72.596c9.997-9.997 26.207-9.997 36.204 0l36.203 36.204c9.997 9.997 9.997 26.206 0 36.204l-294.4 294.401c-9.998 9.997-26.207 9.997-36.204-.001z\"><\/path><\/svg>\t\t\t\t\t\t<\/span>\n\t\t\t\t\t\t\t\t\t\t<span class=\"elementor-icon-list-text\">Les relations toxiques <\/span>\n\t\t\t\t\t\t\t\t\t<\/li>\n\t\t\t\t\t\t\t\t<li class=\"elementor-icon-list-item\">\n\t\t\t\t\t\t\t\t\t\t\t<span class=\"elementor-icon-list-icon\">\n\t\t\t\t\t\t\t<svg aria-hidden=\"true\" class=\"e-font-icon-svg e-fas-check\" viewBox=\"0 0 512 512\" xmlns=\"http:\/\/www.w3.org\/2000\/svg\"><path d=\"M173.898 439.404l-166.4-166.4c-9.997-9.997-9.997-26.206 0-36.204l36.203-36.204c9.997-9.998 26.207-9.998 36.204 0L192 312.69 432.095 72.596c9.997-9.997 26.207-9.997 36.204 0l36.203 36.204c9.997 9.997 9.997 26.206 0 36.204l-294.4 294.401c-9.998 9.997-26.207 9.997-36.204-.001z\"><\/path><\/svg>\t\t\t\t\t\t<\/span>\n\t\t\t\t\t\t\t\t\t\t<span class=\"elementor-icon-list-text\">\u2060La femme musulmane et sa place dans la soci\u00e9t\u00e9 <\/span>\n\t\t\t\t\t\t\t\t\t<\/li>\n\t\t\t\t\t\t\t\t<li class=\"elementor-icon-list-item\">\n\t\t\t\t\t\t\t\t\t\t\t<span class=\"elementor-icon-list-icon\">\n\t\t\t\t\t\t\t<svg aria-hidden=\"true\" class=\"e-font-icon-svg e-fas-check\" viewBox=\"0 0 512 512\" xmlns=\"http:\/\/www.w3.org\/2000\/svg\"><path d=\"M173.898 439.404l-166.4-166.4c-9.997-9.997-9.997-26.206 0-36.204l36.203-36.204c9.997-9.998 26.207-9.998 36.204 0L192 312.69 432.095 72.596c9.997-9.997 26.207-9.997 36.204 0l36.203 36.204c9.997 9.997 9.997 26.206 0 36.204l-294.4 294.401c-9.998 9.997-26.207 9.997-36.204-.001z\"><\/path><\/svg>\t\t\t\t\t\t<\/span>\n\t\t\t\t\t\t\t\t\t\t<span class=\"elementor-icon-list-text\">Les troubles de l\u2019infertilit\u00e9 et ces rem\u00e8des \u2026..<\/span>\n\t\t\t\t\t\t\t\t\t<\/li>\n\t\t\t\t\t\t<\/ul>\n\t\t\t\t\t\t<\/div>\n\t\t\t\t<div class=\"elementor-element elementor-element-806b0c4 elementor-widget elementor-widget-text-editor\" data-id=\"806b0c4\" data-element_type=\"widget\" data-e-type=\"widget\" data-widget_type=\"text-editor.default\">\n\t\t\t\t\t\t\t\t\t<p>Tous cela en accord avec <strong>le Coran et la sunna<\/strong> dans un cadre <strong>bienveillant<\/strong>, <strong>sans jugement port\u00e9<\/strong>, et en apportant \u00e0 ma patiente au mieux selon mes capacit\u00e9s .<\/p>\t\t\t\t\t\t\t\t<\/div>\n\t\t\t\t<div class=\"elementor-element elementor-element-c246dd6 elementor-widget elementor-widget-text-editor\" data-id=\"c246dd6\" data-element_type=\"widget\" data-e-type=\"widget\" data-widget_type=\"text-editor.default\">\n\t\t\t\t\t\t\t\t\t<p>Je tiens \u00e9galement \u00e0 souligner que<em><strong> je ne suis pas m\u00e9decin<\/strong> <\/em>et que mon approche ne remplace en rien un avis m\u00e9dical ainsi que des bilans de sant\u00e9 mais mon approche ce veut compl\u00e9mentaire au suivi m\u00e9dical si besoin il y a .<\/p><h4><strong>Tarifications\/prestations :<\/strong><\/h4><ul><li>Toutes mes s\u00e9ances sont de 45 minutes .<\/li><li><strong>S\u00e9ance de psychoth\u00e9rapie islamiya :<\/strong> 45 euros la premi\u00e8re s\u00e9ance .<\/li><li><strong>Suivi r\u00e9gulier :<\/strong> 40 euros la s\u00e9ance.<\/li><li><strong>S\u00e9ance de r\u00e9citation (roqia)\/ diagnostic de mal occulte :<\/strong> 45 euros la s\u00e9ance .<\/li><\/ul>\t\t\t\t\t\t\t\t<\/div>\n\t\t\t\t<div class=\"elementor-element elementor-element-45ffc29 elementor-mobile-align-center elementor-invisible elementor-widget elementor-widget-button\" data-id=\"45ffc29\" data-element_type=\"widget\" data-e-type=\"widget\" data-settings=\"{&quot;_animation&quot;:&quot;rotateIn&quot;}\" data-widget_type=\"button.default\">\n\t\t\t\t\t\t\t\t\t\t<a class=\"elementor-button elementor-button-link elementor-size-sm\" href=\"https:\/\/sakina-therapie.pro\/index.php\/rendez-vous\/\">\n\t\t\t\t\t\t<span class=\"elementor-button-content-wrapper\">\n\t\t\t\t\t\t\t\t\t<span class=\"elementor-button-text\">PRENDRE RENDEZ-VOUS<\/span>\n\t\t\t\t\t<\/span>\n\t\t\t\t\t<\/a>\n\t\t\t\t\t\t\t\t<\/div>\n\t\t\t\t<\/div>\n\t\t\t\t\t<\/div>\n\t\t\t\t<\/div>\n\t\t<div class=\"elementor-element elementor-element-2fd1e16 e-flex e-con-boxed e-con e-parent\" data-id=\"2fd1e16\" data-element_type=\"container\" data-e-type=\"container\" data-settings=\"{&quot;_ha_eqh_enable&quot;:false}\">\n\t\t\t\t\t<div class=\"e-con-inner\">\n\t\t\t\t<div class=\"elementor-element elementor-element-c0b2810 elementor-widget elementor-widget-spacer\" data-id=\"c0b2810\" data-element_type=\"widget\" data-e-type=\"widget\" data-widget_type=\"spacer.default\">\n\t\t\t\t\t\t\t<div class=\"elementor-spacer\">\n\t\t\t<div class=\"elementor-spacer-inner\"><\/div>\n\t\t<\/div>\n\t\t\t\t\t\t<\/div>\n\t\t\t\t\t<\/div>\n\t\t\t\t<\/div>\n\t\t\t\t<\/div>\n\t\t","protected":false},"excerpt":{"rendered":"<p>Mon accompagnement est propos\u00e9 : aux adolescentes (d\u00e8s 14 ans) et aux femmes musulmanes concernant les probl\u00e9matiques suivantes : Les maux psychologiques Les maux occultes \u2060Les difficult\u00e9s dans la religiosit\u00e9 Les relations toxiques \u2060La femme musulmane et sa place dans la soci\u00e9t\u00e9 Les troubles de l\u2019infertilit\u00e9 et ces rem\u00e8des \u2026.. Tous cela en accord avec [&hellip;]<\/p>\n","protected":false},"author":1,"featured_media":2200,"parent":0,"menu_order":0,"comment_status":"closed","ping_status":"closed","template":"","meta":{"footnotes":""},"class_list":["post-2312","page","type-page","status-publish","has-post-thumbnail","hentry"],"blocksy_meta":{"styles_descriptor":{"styles":{"desktop":"[data-prefix=\"single_page\"] {background-color:rgba(255, 255, 255, 0.97);background-image:none;}","tablet":"","mobile":""},"google_fonts":[],"version":6},"has_hero_section":"default","content_style_source":"inherit","vertical_spacing_source":"inherit","background":{"background_type":"image","background_pattern":"type-1","background_image":{"attachment_id":null,"x":0,"y":0},"gradient":"linear-gradient(135deg,rgba(6,147,227,1) 0%,rgb(155,81,224) 100%)","background_repeat":"repeat","background_size":"auto","background_attachment":"scroll","patternColor":{"default":{"color":"#e5e7ea"}},"overlayColor":{"default":{"color":"CT_CSS_SKIP_RULE"}},"backgroundColor":{"default":{"color":"rgba(255, 255, 255, 0.97)"}}}},"yoast_head":"<!-- This site is optimized with the Yoast SEO plugin v27.0 - https:\/\/yoast.com\/product\/yoast-seo-wordpress\/ -->\n<title>Accompagnement - Sakina th\u00e9rapie<\/title>\n<meta name=\"robots\" content=\"index, follow, max-snippet:-1, max-image-preview:large, max-video-preview:-1\" \/>\n<link rel=\"canonical\" href=\"https:\/\/sakina-therapie.pro\/index.php\/accompagnement\/\" \/>\n<meta property=\"og:locale\" content=\"en_US\" \/>\n<meta property=\"og:type\" content=\"article\" \/>\n<meta property=\"og:title\" content=\"Accompagnement - Sakina th\u00e9rapie\" \/>\n<meta property=\"og:description\" content=\"Mon accompagnement est propos\u00e9 : aux adolescentes (d\u00e8s 14 ans) et aux femmes musulmanes concernant les probl\u00e9matiques suivantes : Les maux psychologiques Les maux occultes \u2060Les difficult\u00e9s dans la religiosit\u00e9 Les relations toxiques \u2060La femme musulmane et sa place dans la soci\u00e9t\u00e9 Les troubles de l\u2019infertilit\u00e9 et ces rem\u00e8des \u2026.. Tous cela en accord avec [&hellip;]\" \/>\n<meta property=\"og:url\" content=\"https:\/\/sakina-therapie.pro\/index.php\/accompagnement\/\" \/>\n<meta property=\"og:site_name\" content=\"Sakina th\u00e9rapie\" \/>\n<meta property=\"article:modified_time\" content=\"2025-10-31T09:38:47+00:00\" \/>\n<meta property=\"og:image\" content=\"https:\/\/sakina-therapie.pro\/wp-content\/uploads\/2025\/08\/bande-a-propos-3.png\" \/>\n\t<meta property=\"og:image:width\" content=\"1\" \/>\n\t<meta property=\"og:image:height\" content=\"1\" \/>\n\t<meta property=\"og:image:type\" content=\"image\/png\" \/>\n<meta name=\"twitter:card\" content=\"summary_large_image\" \/>\n<meta name=\"twitter:label1\" content=\"Est. reading time\" \/>\n\t<meta name=\"twitter:data1\" content=\"1 minute\" \/>\n<script type=\"application\/ld+json\" class=\"yoast-schema-graph\">{\"@context\":\"https:\/\/schema.org\",\"@graph\":[{\"@type\":\"WebPage\",\"@id\":\"https:\/\/sakina-therapie.pro\/index.php\/accompagnement\/\",\"url\":\"https:\/\/sakina-therapie.pro\/index.php\/accompagnement\/\",\"name\":\"Accompagnement - Sakina th\u00e9rapie\",\"isPartOf\":{\"@id\":\"https:\/\/sakina-therapie.pro\/#website\"},\"primaryImageOfPage\":{\"@id\":\"https:\/\/sakina-therapie.pro\/index.php\/accompagnement\/#primaryimage\"},\"image\":{\"@id\":\"https:\/\/sakina-therapie.pro\/index.php\/accompagnement\/#primaryimage\"},\"thumbnailUrl\":\"https:\/\/sakina-therapie.pro\/wp-content\/uploads\/2025\/08\/bande-a-propos-3.png\",\"datePublished\":\"2025-09-06T07:11:46+00:00\",\"dateModified\":\"2025-10-31T09:38:47+00:00\",\"breadcrumb\":{\"@id\":\"https:\/\/sakina-therapie.pro\/index.php\/accompagnement\/#breadcrumb\"},\"inLanguage\":\"en-US\",\"potentialAction\":[{\"@type\":\"ReadAction\",\"target\":[\"https:\/\/sakina-therapie.pro\/index.php\/accompagnement\/\"]}]},{\"@type\":\"ImageObject\",\"inLanguage\":\"en-US\",\"@id\":\"https:\/\/sakina-therapie.pro\/index.php\/accompagnement\/#primaryimage\",\"url\":\"https:\/\/sakina-therapie.pro\/wp-content\/uploads\/2025\/08\/bande-a-propos-3.png\",\"contentUrl\":\"https:\/\/sakina-therapie.pro\/wp-content\/uploads\/2025\/08\/bande-a-propos-3.png\"},{\"@type\":\"BreadcrumbList\",\"@id\":\"https:\/\/sakina-therapie.pro\/index.php\/accompagnement\/#breadcrumb\",\"itemListElement\":[{\"@type\":\"ListItem\",\"position\":1,\"name\":\"Accueil\",\"item\":\"https:\/\/sakina-therapie.pro\/\"},{\"@type\":\"ListItem\",\"position\":2,\"name\":\"Accompagnement\"}]},{\"@type\":\"WebSite\",\"@id\":\"https:\/\/sakina-therapie.pro\/#website\",\"url\":\"https:\/\/sakina-therapie.pro\/\",\"name\":\"Sakina th\u00e9rapie\",\"description\":\"Pas \u00e0 pas vers la sakina\",\"publisher\":{\"@id\":\"https:\/\/sakina-therapie.pro\/#organization\"},\"potentialAction\":[{\"@type\":\"SearchAction\",\"target\":{\"@type\":\"EntryPoint\",\"urlTemplate\":\"https:\/\/sakina-therapie.pro\/?s={search_term_string}\"},\"query-input\":{\"@type\":\"PropertyValueSpecification\",\"valueRequired\":true,\"valueName\":\"search_term_string\"}}],\"inLanguage\":\"en-US\"},{\"@type\":\"Organization\",\"@id\":\"https:\/\/sakina-therapie.pro\/#organization\",\"name\":\"Sakina th\u00e9rapie\",\"url\":\"https:\/\/sakina-therapie.pro\/\",\"logo\":{\"@type\":\"ImageObject\",\"inLanguage\":\"en-US\",\"@id\":\"https:\/\/sakina-therapie.pro\/#\/schema\/logo\/image\/\",\"url\":\"https:\/\/sakina-therapie.pro\/wp-content\/uploads\/2025\/08\/Logo-filigrane-pour-fond-clair.png\",\"contentUrl\":\"https:\/\/sakina-therapie.pro\/wp-content\/uploads\/2025\/08\/Logo-filigrane-pour-fond-clair.png\",\"width\":1209,\"height\":1640,\"caption\":\"Sakina th\u00e9rapie\"},\"image\":{\"@id\":\"https:\/\/sakina-therapie.pro\/#\/schema\/logo\/image\/\"}}]}<\/script>\n<!-- \/ Yoast SEO plugin. -->","yoast_head_json":{"title":"Accompagnement - Sakina th\u00e9rapie","robots":{"index":"index","follow":"follow","max-snippet":"max-snippet:-1","max-image-preview":"max-image-preview:large","max-video-preview":"max-video-preview:-1"},"canonical":"https:\/\/sakina-therapie.pro\/index.php\/accompagnement\/","og_locale":"en_US","og_type":"article","og_title":"Accompagnement - Sakina th\u00e9rapie","og_description":"Mon accompagnement est propos\u00e9 : aux adolescentes (d\u00e8s 14 ans) et aux femmes musulmanes concernant les probl\u00e9matiques suivantes : Les maux psychologiques Les maux occultes \u2060Les difficult\u00e9s dans la religiosit\u00e9 Les relations toxiques \u2060La femme musulmane et sa place dans la soci\u00e9t\u00e9 Les troubles de l\u2019infertilit\u00e9 et ces rem\u00e8des \u2026.. Tous cela en accord avec [&hellip;]","og_url":"https:\/\/sakina-therapie.pro\/index.php\/accompagnement\/","og_site_name":"Sakina th\u00e9rapie","article_modified_time":"2025-10-31T09:38:47+00:00","og_image":[{"url":"https:\/\/sakina-therapie.pro\/wp-content\/uploads\/2025\/08\/bande-a-propos-3.png","width":1,"height":1,"type":"image\/png"}],"twitter_card":"summary_large_image","twitter_misc":{"Est. reading time":"1 minute"},"schema":{"@context":"https:\/\/schema.org","@graph":[{"@type":"WebPage","@id":"https:\/\/sakina-therapie.pro\/index.php\/accompagnement\/","url":"https:\/\/sakina-therapie.pro\/index.php\/accompagnement\/","name":"Accompagnement - Sakina th\u00e9rapie","isPartOf":{"@id":"https:\/\/sakina-therapie.pro\/#website"},"primaryImageOfPage":{"@id":"https:\/\/sakina-therapie.pro\/index.php\/accompagnement\/#primaryimage"},"image":{"@id":"https:\/\/sakina-therapie.pro\/index.php\/accompagnement\/#primaryimage"},"thumbnailUrl":"https:\/\/sakina-therapie.pro\/wp-content\/uploads\/2025\/08\/bande-a-propos-3.png","datePublished":"2025-09-06T07:11:46+00:00","dateModified":"2025-10-31T09:38:47+00:00","breadcrumb":{"@id":"https:\/\/sakina-therapie.pro\/index.php\/accompagnement\/#breadcrumb"},"inLanguage":"en-US","potentialAction":[{"@type":"ReadAction","target":["https:\/\/sakina-therapie.pro\/index.php\/accompagnement\/"]}]},{"@type":"ImageObject","inLanguage":"en-US","@id":"https:\/\/sakina-therapie.pro\/index.php\/accompagnement\/#primaryimage","url":"https:\/\/sakina-therapie.pro\/wp-content\/uploads\/2025\/08\/bande-a-propos-3.png","contentUrl":"https:\/\/sakina-therapie.pro\/wp-content\/uploads\/2025\/08\/bande-a-propos-3.png"},{"@type":"BreadcrumbList","@id":"https:\/\/sakina-therapie.pro\/index.php\/accompagnement\/#breadcrumb","itemListElement":[{"@type":"ListItem","position":1,"name":"Accueil","item":"https:\/\/sakina-therapie.pro\/"},{"@type":"ListItem","position":2,"name":"Accompagnement"}]},{"@type":"WebSite","@id":"https:\/\/sakina-therapie.pro\/#website","url":"https:\/\/sakina-therapie.pro\/","name":"Sakina th\u00e9rapie","description":"Pas \u00e0 pas vers la sakina","publisher":{"@id":"https:\/\/sakina-therapie.pro\/#organization"},"potentialAction":[{"@type":"SearchAction","target":{"@type":"EntryPoint","urlTemplate":"https:\/\/sakina-therapie.pro\/?s={search_term_string}"},"query-input":{"@type":"PropertyValueSpecification","valueRequired":true,"valueName":"search_term_string"}}],"inLanguage":"en-US"},{"@type":"Organization","@id":"https:\/\/sakina-therapie.pro\/#organization","name":"Sakina th\u00e9rapie","url":"https:\/\/sakina-therapie.pro\/","logo":{"@type":"ImageObject","inLanguage":"en-US","@id":"https:\/\/sakina-therapie.pro\/#\/schema\/logo\/image\/","url":"https:\/\/sakina-therapie.pro\/wp-content\/uploads\/2025\/08\/Logo-filigrane-pour-fond-clair.png","contentUrl":"https:\/\/sakina-therapie.pro\/wp-content\/uploads\/2025\/08\/Logo-filigrane-pour-fond-clair.png","width":1209,"height":1640,"caption":"Sakina th\u00e9rapie"},"image":{"@id":"https:\/\/sakina-therapie.pro\/#\/schema\/logo\/image\/"}}]}},"_links":{"self":[{"href":"https:\/\/sakina-therapie.pro\/index.php\/wp-json\/wp\/v2\/pages\/2312","targetHints":{"allow":["GET"]}}],"collection":[{"href":"https:\/\/sakina-therapie.pro\/index.php\/wp-json\/wp\/v2\/pages"}],"about":[{"href":"https:\/\/sakina-therapie.pro\/index.php\/wp-json\/wp\/v2\/types\/page"}],"author":[{"embeddable":true,"href":"https:\/\/sakina-therapie.pro\/index.php\/wp-json\/wp\/v2\/users\/1"}],"replies":[{"embeddable":true,"href":"https:\/\/sakina-therapie.pro\/index.php\/wp-json\/wp\/v2\/comments?post=2312"}],"version-history":[{"count":22,"href":"https:\/\/sakina-therapie.pro\/index.php\/wp-json\/wp\/v2\/pages\/2312\/revisions"}],"predecessor-version":[{"id":2697,"href":"https:\/\/sakina-therapie.pro\/index.php\/wp-json\/wp\/v2\/pages\/2312\/revisions\/2697"}],"wp:featuredmedia":[{"embeddable":true,"href":"https:\/\/sakina-therapie.pro\/index.php\/wp-json\/wp\/v2\/media\/2200"}],"wp:attachment":[{"href":"https:\/\/sakina-therapie.pro\/index.php\/wp-json\/wp\/v2\/media?parent=2312"}],"curies":[{"name":"wp","href":"https:\/\/api.w.org\/{rel}","templated":true}]}}