{"id":2498,"date":"2025-09-23T13:22:43","date_gmt":"2025-09-23T11:22:43","guid":{"rendered":"https:\/\/sakina-therapie.pro\/?page_id=2498"},"modified":"2025-10-31T10:33:40","modified_gmt":"2025-10-31T09:33:40","slug":"pour-adolescentes","status":"publish","type":"page","link":"https:\/\/sakina-therapie.pro\/index.php\/pour-adolescentes\/","title":{"rendered":"Pour adolescentes"},"content":{"rendered":"\t\t<div data-elementor-type=\"wp-page\" data-elementor-id=\"2498\" class=\"elementor elementor-2498\" data-elementor-settings=\"{&quot;ha_cmc_init_switcher&quot;:&quot;no&quot;}\">\n\t\t\t\t<div class=\"elementor-element elementor-element-22d71c2 e-con-full e-flex e-con e-parent\" data-id=\"22d71c2\" data-element_type=\"container\" data-e-type=\"container\" data-settings=\"{&quot;background_background&quot;:&quot;classic&quot;,&quot;_ha_eqh_enable&quot;:false}\">\n\t\t<div class=\"elementor-element elementor-element-e613b7b e-con-full e-flex e-con e-child\" data-id=\"e613b7b\" data-element_type=\"container\" data-e-type=\"container\" data-settings=\"{&quot;_ha_eqh_enable&quot;:false}\">\n\t\t\t\t<div class=\"elementor-element elementor-element-df9c643 elementor-widget elementor-widget-spacer\" data-id=\"df9c643\" data-element_type=\"widget\" data-e-type=\"widget\" data-widget_type=\"spacer.default\">\n\t\t\t\t\t\t\t<div class=\"elementor-spacer\">\n\t\t\t<div class=\"elementor-spacer-inner\"><\/div>\n\t\t<\/div>\n\t\t\t\t\t\t<\/div>\n\t\t\t\t<div class=\"elementor-element elementor-element-06536c7 elementor-invisible elementor-widget elementor-widget-heading\" data-id=\"06536c7\" data-element_type=\"widget\" data-e-type=\"widget\" data-settings=\"{&quot;_animation&quot;:&quot;zoomIn&quot;}\" data-widget_type=\"heading.default\">\n\t\t\t\t\t<h5 class=\"elementor-heading-title elementor-size-default\">Ch\u00e8re jeune soeur,\n<\/h5>\t\t\t\t<\/div>\n\t\t\t\t<div class=\"elementor-element elementor-element-d5f1ac1 elementor-widget elementor-widget-text-editor\" data-id=\"d5f1ac1\" data-element_type=\"widget\" data-e-type=\"widget\" data-widget_type=\"text-editor.default\">\n\t\t\t\t\t\t\t\t\t<p>L\u2019adolescence est une p\u00e9riode pleine de changements. Parfois, cela peut \u00eatre difficile \u00e0 vivre\u2026 mais rassure-toi : <strong><em>tu n\u2019es pas seule, et il existe toujours des solutions.<\/em><\/strong><\/p><p>Tu ne te <strong>sens pas bien<\/strong> en ce moment ?<br \/>Tu as <strong>besoin d\u2019exprimer<\/strong> ce qui se passe en toi , <strong>ce que tu ressens<\/strong> ?<br \/>Tu as l\u2019impression de ne pas<strong> \u00eatre comme les autres jeunes filles<\/strong> autour de toi ?<br \/>Tu aimerais <strong>progresser dans ta pratique religieuse<\/strong> mais tu rencontres des blocages ?<br \/>Tu penses \u00eatre <strong>touch\u00e9e par un mal occulte<\/strong> , quelque chose qui t\u2019inqui\u00e8te ?<\/p>\t\t\t\t\t\t\t\t<\/div>\n\t\t\t\t<\/div>\n\t\t\t\t<\/div>\n\t\t<div class=\"elementor-element elementor-element-2d2e098 e-flex e-con-boxed e-con e-parent\" data-id=\"2d2e098\" data-element_type=\"container\" data-e-type=\"container\" data-settings=\"{&quot;_ha_eqh_enable&quot;:false}\">\n\t\t\t\t\t<div class=\"e-con-inner\">\n\t\t\t\t<div class=\"elementor-element elementor-element-e1f2273 elementor-widget elementor-widget-spacer\" data-id=\"e1f2273\" data-element_type=\"widget\" data-e-type=\"widget\" data-widget_type=\"spacer.default\">\n\t\t\t\t\t\t\t<div class=\"elementor-spacer\">\n\t\t\t<div class=\"elementor-spacer-inner\"><\/div>\n\t\t<\/div>\n\t\t\t\t\t\t<\/div>\n\t\t\t\t\t<\/div>\n\t\t\t\t<\/div>\n\t\t<div class=\"elementor-element elementor-element-6cf093e e-flex e-con-boxed e-con e-parent\" data-id=\"6cf093e\" data-element_type=\"container\" data-e-type=\"container\" data-settings=\"{&quot;_ha_eqh_enable&quot;:false}\">\n\t\t\t\t\t<div class=\"e-con-inner\">\n\t\t<div class=\"elementor-element elementor-element-306d198 e-con-full e-flex e-con e-child\" data-id=\"306d198\" data-element_type=\"container\" data-e-type=\"container\" data-settings=\"{&quot;_ha_eqh_enable&quot;:false}\">\n\t\t\t\t<div class=\"elementor-element elementor-element-540e8c1 elementor-invisible elementor-widget elementor-widget-image\" data-id=\"540e8c1\" data-element_type=\"widget\" data-e-type=\"widget\" data-settings=\"{&quot;_animation&quot;:&quot;bounceInLeft&quot;}\" data-widget_type=\"image.default\">\n\t\t\t\t\t\t\t\t\t\t\t\t\t\t\t<img fetchpriority=\"high\" decoding=\"async\" width=\"1024\" height=\"1024\" src=\"https:\/\/sakina-therapie.pro\/wp-content\/uploads\/2025\/09\/u9234415887_Therapeutic_home_office_scene_minimalist_desk_wit_8227a366-bb5f-4552-b96b-b671b79531f9_0.png\" class=\"attachment-large size-large wp-image-2484\" alt=\"\" srcset=\"https:\/\/sakina-therapie.pro\/wp-content\/uploads\/2025\/09\/u9234415887_Therapeutic_home_office_scene_minimalist_desk_wit_8227a366-bb5f-4552-b96b-b671b79531f9_0.png 1024w, https:\/\/sakina-therapie.pro\/wp-content\/uploads\/2025\/09\/u9234415887_Therapeutic_home_office_scene_minimalist_desk_wit_8227a366-bb5f-4552-b96b-b671b79531f9_0-300x300.png 300w, https:\/\/sakina-therapie.pro\/wp-content\/uploads\/2025\/09\/u9234415887_Therapeutic_home_office_scene_minimalist_desk_wit_8227a366-bb5f-4552-b96b-b671b79531f9_0-150x150.png 150w, https:\/\/sakina-therapie.pro\/wp-content\/uploads\/2025\/09\/u9234415887_Therapeutic_home_office_scene_minimalist_desk_wit_8227a366-bb5f-4552-b96b-b671b79531f9_0-768x768.png 768w\" sizes=\"(max-width: 1024px) 100vw, 1024px\" \/>\t\t\t\t\t\t\t\t\t\t\t\t\t\t\t<\/div>\n\t\t\t\t<\/div>\n\t\t<div class=\"elementor-element elementor-element-9a033d6 e-con-full e-flex e-con e-child\" data-id=\"9a033d6\" data-element_type=\"container\" data-e-type=\"container\" data-settings=\"{&quot;_ha_eqh_enable&quot;:false}\">\n\t\t\t\t<div class=\"elementor-element elementor-element-c246dd6 elementor-widget elementor-widget-text-editor\" data-id=\"c246dd6\" data-element_type=\"widget\" data-e-type=\"widget\" data-widget_type=\"text-editor.default\">\n\t\t\t\t\t\t\t\t\t<div>Je te propose, <strong>au sein de Sakina Th\u00e9rapie<\/strong>, un espace d\u2019\u00e9coute ,de conseils et soutien, sans jugement, o\u00f9 tu seras accueillie avec bienveillance. Nous pourrons parler ensemble de :<\/div><div>\u00a0<\/div><div>\u00a0<\/div>\t\t\t\t\t\t\t\t<\/div>\n\t\t\t\t<div class=\"elementor-element elementor-element-1ce25a8 elementor-icon-list--layout-traditional elementor-list-item-link-full_width elementor-widget elementor-widget-icon-list\" data-id=\"1ce25a8\" data-element_type=\"widget\" data-e-type=\"widget\" data-widget_type=\"icon-list.default\">\n\t\t\t\t\t\t\t<ul class=\"elementor-icon-list-items\">\n\t\t\t\t\t\t\t<li class=\"elementor-icon-list-item\">\n\t\t\t\t\t\t\t\t\t\t\t<span class=\"elementor-icon-list-icon\">\n\t\t\t\t\t\t\t<svg aria-hidden=\"true\" class=\"e-font-icon-svg e-fas-check\" viewBox=\"0 0 512 512\" xmlns=\"http:\/\/www.w3.org\/2000\/svg\"><path d=\"M173.898 439.404l-166.4-166.4c-9.997-9.997-9.997-26.206 0-36.204l36.203-36.204c9.997-9.998 26.207-9.998 36.204 0L192 312.69 432.095 72.596c9.997-9.997 26.207-9.997 36.204 0l36.203 36.204c9.997 9.997 9.997 26.206 0 36.204l-294.4 294.401c-9.998 9.997-26.207 9.997-36.204-.001z\"><\/path><\/svg>\t\t\t\t\t\t<\/span>\n\t\t\t\t\t\t\t\t\t\t<span class=\"elementor-icon-list-text\">Ton \u00e9tat psychologique , de tes \u00e9motions et comment aller vers un mieux-\u00eatre par la permission d\u2019Allah. <\/span>\n\t\t\t\t\t\t\t\t\t<\/li>\n\t\t\t\t\t\t\t\t<li class=\"elementor-icon-list-item\">\n\t\t\t\t\t\t\t\t\t\t\t<span class=\"elementor-icon-list-icon\">\n\t\t\t\t\t\t\t<svg aria-hidden=\"true\" class=\"e-font-icon-svg e-fas-check\" viewBox=\"0 0 512 512\" xmlns=\"http:\/\/www.w3.org\/2000\/svg\"><path d=\"M173.898 439.404l-166.4-166.4c-9.997-9.997-9.997-26.206 0-36.204l36.203-36.204c9.997-9.998 26.207-9.998 36.204 0L192 312.69 432.095 72.596c9.997-9.997 26.207-9.997 36.204 0l36.203 36.204c9.997 9.997 9.997 26.206 0 36.204l-294.4 294.401c-9.998 9.997-26.207 9.997-36.204-.001z\"><\/path><\/svg>\t\t\t\t\t\t<\/span>\n\t\t\t\t\t\t\t\t\t\t<span class=\"elementor-icon-list-text\">Tes difficult\u00e9s dans ta pratique religieuse, un possible diagnostic de mal occulte et la mise en place de rem\u00e8des.<\/span>\n\t\t\t\t\t\t\t\t\t<\/li>\n\t\t\t\t\t\t\t\t<li class=\"elementor-icon-list-item\">\n\t\t\t\t\t\t\t\t\t\t\t<span class=\"elementor-icon-list-icon\">\n\t\t\t\t\t\t\t<svg aria-hidden=\"true\" class=\"e-font-icon-svg e-fas-check\" viewBox=\"0 0 512 512\" xmlns=\"http:\/\/www.w3.org\/2000\/svg\"><path d=\"M173.898 439.404l-166.4-166.4c-9.997-9.997-9.997-26.206 0-36.204l36.203-36.204c9.997-9.998 26.207-9.998 36.204 0L192 312.69 432.095 72.596c9.997-9.997 26.207-9.997 36.204 0l36.203 36.204c9.997 9.997 9.997 26.206 0 36.204l-294.4 294.401c-9.998 9.997-26.207 9.997-36.204-.001z\"><\/path><\/svg>\t\t\t\t\t\t<\/span>\n\t\t\t\t\t\t\t\t\t\t<span class=\"elementor-icon-list-text\">Ta place en tant que jeune fille musulmane dans la soci\u00e9t\u00e9 actuelle<\/span>\n\t\t\t\t\t\t\t\t\t<\/li>\n\t\t\t\t\t\t<\/ul>\n\t\t\t\t\t\t<\/div>\n\t\t\t\t<div class=\"elementor-element elementor-element-db1b60e elementor-widget elementor-widget-text-editor\" data-id=\"db1b60e\" data-element_type=\"widget\" data-e-type=\"widget\" data-widget_type=\"text-editor.default\">\n\t\t\t\t\t\t\t\t\t<p>Si, par la gr\u00e2ce d\u2019Allah, tu ressens \u00eatre pr\u00eate \u00e0 franchir ce pas, je t\u2019invite \u00e0 me contacter via Telegram ou sur mon agenda Calendly.<\/p><p>Qu\u2019Allah te facilite et te renforce.<\/p>\t\t\t\t\t\t\t\t<\/div>\n\t\t\t\t<div class=\"elementor-element elementor-element-45ffc29 elementor-mobile-align-center animated-slow elementor-invisible elementor-widget elementor-widget-button\" data-id=\"45ffc29\" data-element_type=\"widget\" data-e-type=\"widget\" data-settings=\"{&quot;_animation&quot;:&quot;rotateIn&quot;}\" data-widget_type=\"button.default\">\n\t\t\t\t\t\t\t\t\t\t<a class=\"elementor-button elementor-button-link elementor-size-sm\" href=\"https:\/\/sakina-therapie.pro\/index.php\/rendez-vous\/\">\n\t\t\t\t\t\t<span class=\"elementor-button-content-wrapper\">\n\t\t\t\t\t\t\t\t\t<span class=\"elementor-button-text\">PRENDRE RENDEZ-VOUS<\/span>\n\t\t\t\t\t<\/span>\n\t\t\t\t\t<\/a>\n\t\t\t\t\t\t\t\t<\/div>\n\t\t\t\t<\/div>\n\t\t\t\t\t<\/div>\n\t\t\t\t<\/div>\n\t\t<div class=\"elementor-element elementor-element-2fd1e16 e-flex e-con-boxed e-con e-parent\" data-id=\"2fd1e16\" data-element_type=\"container\" data-e-type=\"container\" data-settings=\"{&quot;_ha_eqh_enable&quot;:false}\">\n\t\t\t\t\t<div class=\"e-con-inner\">\n\t\t\t\t<div class=\"elementor-element elementor-element-c0b2810 elementor-widget elementor-widget-spacer\" data-id=\"c0b2810\" data-element_type=\"widget\" data-e-type=\"widget\" data-widget_type=\"spacer.default\">\n\t\t\t\t\t\t\t<div class=\"elementor-spacer\">\n\t\t\t<div class=\"elementor-spacer-inner\"><\/div>\n\t\t<\/div>\n\t\t\t\t\t\t<\/div>\n\t\t\t\t\t<\/div>\n\t\t\t\t<\/div>\n\t\t\t\t<\/div>\n\t\t","protected":false},"excerpt":{"rendered":"<p>Ch\u00e8re jeune soeur, L\u2019adolescence est une p\u00e9riode pleine de changements. Parfois, cela peut \u00eatre difficile \u00e0 vivre\u2026 mais rassure-toi : tu n\u2019es pas seule, et il existe toujours des solutions. Tu ne te sens pas bien en ce moment ?Tu as besoin d\u2019exprimer ce qui se passe en toi , ce que tu ressens ?Tu [&hellip;]<\/p>\n","protected":false},"author":1,"featured_media":2200,"parent":0,"menu_order":0,"comment_status":"closed","ping_status":"closed","template":"","meta":{"footnotes":""},"class_list":["post-2498","page","type-page","status-publish","has-post-thumbnail","hentry"],"blocksy_meta":{"styles_descriptor":{"styles":{"desktop":"[data-prefix=\"single_page\"] {background-color:rgba(255, 255, 255, 0.97);background-image:none;}","tablet":"","mobile":""},"google_fonts":[],"version":6},"has_hero_section":"default","content_style_source":"inherit","vertical_spacing_source":"inherit","background":{"background_type":"image","background_pattern":"type-1","background_image":{"attachment_id":null,"x":0,"y":0},"gradient":"linear-gradient(135deg,rgba(6,147,227,1) 0%,rgb(155,81,224) 100%)","background_repeat":"repeat","background_size":"auto","background_attachment":"scroll","patternColor":{"default":{"color":"#e5e7ea"}},"overlayColor":{"default":{"color":"CT_CSS_SKIP_RULE"}},"backgroundColor":{"default":{"color":"rgba(255, 255, 255, 0.97)"}}}},"yoast_head":"<!-- This site is optimized with the Yoast SEO plugin v27.0 - https:\/\/yoast.com\/product\/yoast-seo-wordpress\/ -->\n<title>Pour adolescentes - Sakina th\u00e9rapie<\/title>\n<meta name=\"robots\" content=\"index, follow, max-snippet:-1, max-image-preview:large, max-video-preview:-1\" \/>\n<link rel=\"canonical\" href=\"https:\/\/sakina-therapie.pro\/index.php\/pour-adolescentes\/\" \/>\n<meta property=\"og:locale\" content=\"en_US\" \/>\n<meta property=\"og:type\" content=\"article\" \/>\n<meta property=\"og:title\" content=\"Pour adolescentes - Sakina th\u00e9rapie\" \/>\n<meta property=\"og:description\" content=\"Ch\u00e8re jeune soeur, L\u2019adolescence est une p\u00e9riode pleine de changements. Parfois, cela peut \u00eatre difficile \u00e0 vivre\u2026 mais rassure-toi : tu n\u2019es pas seule, et il existe toujours des solutions. Tu ne te sens pas bien en ce moment ?Tu as besoin d\u2019exprimer ce qui se passe en toi , ce que tu ressens ?Tu [&hellip;]\" \/>\n<meta property=\"og:url\" content=\"https:\/\/sakina-therapie.pro\/index.php\/pour-adolescentes\/\" \/>\n<meta property=\"og:site_name\" content=\"Sakina th\u00e9rapie\" \/>\n<meta property=\"article:modified_time\" content=\"2025-10-31T09:33:40+00:00\" \/>\n<meta property=\"og:image\" content=\"https:\/\/sakina-therapie.pro\/wp-content\/uploads\/2025\/08\/bande-a-propos-3.png\" \/>\n\t<meta property=\"og:image:width\" content=\"1\" \/>\n\t<meta property=\"og:image:height\" content=\"1\" \/>\n\t<meta property=\"og:image:type\" content=\"image\/png\" \/>\n<meta name=\"twitter:card\" content=\"summary_large_image\" \/>\n<meta name=\"twitter:label1\" content=\"Est. reading time\" \/>\n\t<meta name=\"twitter:data1\" content=\"1 minute\" \/>\n<script type=\"application\/ld+json\" class=\"yoast-schema-graph\">{\"@context\":\"https:\/\/schema.org\",\"@graph\":[{\"@type\":\"WebPage\",\"@id\":\"https:\/\/sakina-therapie.pro\/index.php\/pour-adolescentes\/\",\"url\":\"https:\/\/sakina-therapie.pro\/index.php\/pour-adolescentes\/\",\"name\":\"Pour adolescentes - Sakina th\u00e9rapie\",\"isPartOf\":{\"@id\":\"https:\/\/sakina-therapie.pro\/#website\"},\"primaryImageOfPage\":{\"@id\":\"https:\/\/sakina-therapie.pro\/index.php\/pour-adolescentes\/#primaryimage\"},\"image\":{\"@id\":\"https:\/\/sakina-therapie.pro\/index.php\/pour-adolescentes\/#primaryimage\"},\"thumbnailUrl\":\"https:\/\/sakina-therapie.pro\/wp-content\/uploads\/2025\/08\/bande-a-propos-3.png\",\"datePublished\":\"2025-09-23T11:22:43+00:00\",\"dateModified\":\"2025-10-31T09:33:40+00:00\",\"breadcrumb\":{\"@id\":\"https:\/\/sakina-therapie.pro\/index.php\/pour-adolescentes\/#breadcrumb\"},\"inLanguage\":\"en-US\",\"potentialAction\":[{\"@type\":\"ReadAction\",\"target\":[\"https:\/\/sakina-therapie.pro\/index.php\/pour-adolescentes\/\"]}]},{\"@type\":\"ImageObject\",\"inLanguage\":\"en-US\",\"@id\":\"https:\/\/sakina-therapie.pro\/index.php\/pour-adolescentes\/#primaryimage\",\"url\":\"https:\/\/sakina-therapie.pro\/wp-content\/uploads\/2025\/08\/bande-a-propos-3.png\",\"contentUrl\":\"https:\/\/sakina-therapie.pro\/wp-content\/uploads\/2025\/08\/bande-a-propos-3.png\"},{\"@type\":\"BreadcrumbList\",\"@id\":\"https:\/\/sakina-therapie.pro\/index.php\/pour-adolescentes\/#breadcrumb\",\"itemListElement\":[{\"@type\":\"ListItem\",\"position\":1,\"name\":\"Accueil\",\"item\":\"https:\/\/sakina-therapie.pro\/\"},{\"@type\":\"ListItem\",\"position\":2,\"name\":\"Pour adolescentes\"}]},{\"@type\":\"WebSite\",\"@id\":\"https:\/\/sakina-therapie.pro\/#website\",\"url\":\"https:\/\/sakina-therapie.pro\/\",\"name\":\"Sakina th\u00e9rapie\",\"description\":\"Pas \u00e0 pas vers la sakina\",\"publisher\":{\"@id\":\"https:\/\/sakina-therapie.pro\/#organization\"},\"potentialAction\":[{\"@type\":\"SearchAction\",\"target\":{\"@type\":\"EntryPoint\",\"urlTemplate\":\"https:\/\/sakina-therapie.pro\/?s={search_term_string}\"},\"query-input\":{\"@type\":\"PropertyValueSpecification\",\"valueRequired\":true,\"valueName\":\"search_term_string\"}}],\"inLanguage\":\"en-US\"},{\"@type\":\"Organization\",\"@id\":\"https:\/\/sakina-therapie.pro\/#organization\",\"name\":\"Sakina th\u00e9rapie\",\"url\":\"https:\/\/sakina-therapie.pro\/\",\"logo\":{\"@type\":\"ImageObject\",\"inLanguage\":\"en-US\",\"@id\":\"https:\/\/sakina-therapie.pro\/#\/schema\/logo\/image\/\",\"url\":\"https:\/\/sakina-therapie.pro\/wp-content\/uploads\/2025\/08\/Logo-filigrane-pour-fond-clair.png\",\"contentUrl\":\"https:\/\/sakina-therapie.pro\/wp-content\/uploads\/2025\/08\/Logo-filigrane-pour-fond-clair.png\",\"width\":1209,\"height\":1640,\"caption\":\"Sakina th\u00e9rapie\"},\"image\":{\"@id\":\"https:\/\/sakina-therapie.pro\/#\/schema\/logo\/image\/\"}}]}<\/script>\n<!-- \/ Yoast SEO plugin. -->","yoast_head_json":{"title":"Pour adolescentes - Sakina th\u00e9rapie","robots":{"index":"index","follow":"follow","max-snippet":"max-snippet:-1","max-image-preview":"max-image-preview:large","max-video-preview":"max-video-preview:-1"},"canonical":"https:\/\/sakina-therapie.pro\/index.php\/pour-adolescentes\/","og_locale":"en_US","og_type":"article","og_title":"Pour adolescentes - Sakina th\u00e9rapie","og_description":"Ch\u00e8re jeune soeur, L\u2019adolescence est une p\u00e9riode pleine de changements. Parfois, cela peut \u00eatre difficile \u00e0 vivre\u2026 mais rassure-toi : tu n\u2019es pas seule, et il existe toujours des solutions. Tu ne te sens pas bien en ce moment ?Tu as besoin d\u2019exprimer ce qui se passe en toi , ce que tu ressens ?Tu [&hellip;]","og_url":"https:\/\/sakina-therapie.pro\/index.php\/pour-adolescentes\/","og_site_name":"Sakina th\u00e9rapie","article_modified_time":"2025-10-31T09:33:40+00:00","og_image":[{"url":"https:\/\/sakina-therapie.pro\/wp-content\/uploads\/2025\/08\/bande-a-propos-3.png","width":1,"height":1,"type":"image\/png"}],"twitter_card":"summary_large_image","twitter_misc":{"Est. reading time":"1 minute"},"schema":{"@context":"https:\/\/schema.org","@graph":[{"@type":"WebPage","@id":"https:\/\/sakina-therapie.pro\/index.php\/pour-adolescentes\/","url":"https:\/\/sakina-therapie.pro\/index.php\/pour-adolescentes\/","name":"Pour adolescentes - Sakina th\u00e9rapie","isPartOf":{"@id":"https:\/\/sakina-therapie.pro\/#website"},"primaryImageOfPage":{"@id":"https:\/\/sakina-therapie.pro\/index.php\/pour-adolescentes\/#primaryimage"},"image":{"@id":"https:\/\/sakina-therapie.pro\/index.php\/pour-adolescentes\/#primaryimage"},"thumbnailUrl":"https:\/\/sakina-therapie.pro\/wp-content\/uploads\/2025\/08\/bande-a-propos-3.png","datePublished":"2025-09-23T11:22:43+00:00","dateModified":"2025-10-31T09:33:40+00:00","breadcrumb":{"@id":"https:\/\/sakina-therapie.pro\/index.php\/pour-adolescentes\/#breadcrumb"},"inLanguage":"en-US","potentialAction":[{"@type":"ReadAction","target":["https:\/\/sakina-therapie.pro\/index.php\/pour-adolescentes\/"]}]},{"@type":"ImageObject","inLanguage":"en-US","@id":"https:\/\/sakina-therapie.pro\/index.php\/pour-adolescentes\/#primaryimage","url":"https:\/\/sakina-therapie.pro\/wp-content\/uploads\/2025\/08\/bande-a-propos-3.png","contentUrl":"https:\/\/sakina-therapie.pro\/wp-content\/uploads\/2025\/08\/bande-a-propos-3.png"},{"@type":"BreadcrumbList","@id":"https:\/\/sakina-therapie.pro\/index.php\/pour-adolescentes\/#breadcrumb","itemListElement":[{"@type":"ListItem","position":1,"name":"Accueil","item":"https:\/\/sakina-therapie.pro\/"},{"@type":"ListItem","position":2,"name":"Pour adolescentes"}]},{"@type":"WebSite","@id":"https:\/\/sakina-therapie.pro\/#website","url":"https:\/\/sakina-therapie.pro\/","name":"Sakina th\u00e9rapie","description":"Pas \u00e0 pas vers la sakina","publisher":{"@id":"https:\/\/sakina-therapie.pro\/#organization"},"potentialAction":[{"@type":"SearchAction","target":{"@type":"EntryPoint","urlTemplate":"https:\/\/sakina-therapie.pro\/?s={search_term_string}"},"query-input":{"@type":"PropertyValueSpecification","valueRequired":true,"valueName":"search_term_string"}}],"inLanguage":"en-US"},{"@type":"Organization","@id":"https:\/\/sakina-therapie.pro\/#organization","name":"Sakina th\u00e9rapie","url":"https:\/\/sakina-therapie.pro\/","logo":{"@type":"ImageObject","inLanguage":"en-US","@id":"https:\/\/sakina-therapie.pro\/#\/schema\/logo\/image\/","url":"https:\/\/sakina-therapie.pro\/wp-content\/uploads\/2025\/08\/Logo-filigrane-pour-fond-clair.png","contentUrl":"https:\/\/sakina-therapie.pro\/wp-content\/uploads\/2025\/08\/Logo-filigrane-pour-fond-clair.png","width":1209,"height":1640,"caption":"Sakina th\u00e9rapie"},"image":{"@id":"https:\/\/sakina-therapie.pro\/#\/schema\/logo\/image\/"}}]}},"_links":{"self":[{"href":"https:\/\/sakina-therapie.pro\/index.php\/wp-json\/wp\/v2\/pages\/2498","targetHints":{"allow":["GET"]}}],"collection":[{"href":"https:\/\/sakina-therapie.pro\/index.php\/wp-json\/wp\/v2\/pages"}],"about":[{"href":"https:\/\/sakina-therapie.pro\/index.php\/wp-json\/wp\/v2\/types\/page"}],"author":[{"embeddable":true,"href":"https:\/\/sakina-therapie.pro\/index.php\/wp-json\/wp\/v2\/users\/1"}],"replies":[{"embeddable":true,"href":"https:\/\/sakina-therapie.pro\/index.php\/wp-json\/wp\/v2\/comments?post=2498"}],"version-history":[{"count":13,"href":"https:\/\/sakina-therapie.pro\/index.php\/wp-json\/wp\/v2\/pages\/2498\/revisions"}],"predecessor-version":[{"id":2688,"href":"https:\/\/sakina-therapie.pro\/index.php\/wp-json\/wp\/v2\/pages\/2498\/revisions\/2688"}],"wp:featuredmedia":[{"embeddable":true,"href":"https:\/\/sakina-therapie.pro\/index.php\/wp-json\/wp\/v2\/media\/2200"}],"wp:attachment":[{"href":"https:\/\/sakina-therapie.pro\/index.php\/wp-json\/wp\/v2\/media?parent=2498"}],"curies":[{"name":"wp","href":"https:\/\/api.w.org\/{rel}","templated":true}]}}