{"id":2546,"date":"2025-10-05T18:22:51","date_gmt":"2025-10-05T16:22:51","guid":{"rendered":"https:\/\/sakina-therapie.pro\/?page_id=2546"},"modified":"2025-10-05T18:27:08","modified_gmt":"2025-10-05T16:27:08","slug":"mentions-legales","status":"publish","type":"page","link":"https:\/\/sakina-therapie.pro\/index.php\/mentions-legales\/","title":{"rendered":"Mentions l\u00e9gales"},"content":{"rendered":"\n<p class=\"has-palette-color-4-color has-text-color has-link-color has-medium-font-size wp-elements-e0db959ce63406a07261302c8c7c617a\">Conform\u00e9ment aux dispositions des articles 6-III et 19 de la Loi n\u00b02004-575 du 21 juin 2004 pour la confiance dans l\u2019\u00e9conomie num\u00e9rique, il est pr\u00e9cis\u00e9 aux utilisateurs du site&nbsp;<strong>sakina-therapie.pro<\/strong>&nbsp;l\u2019identit\u00e9 des diff\u00e9rents intervenants dans le cadre de sa r\u00e9alisation et de son suivi.<\/p>\n\n\n\n<p class=\"has-palette-color-4-color has-text-color has-link-color has-medium-font-size wp-elements-f8395530a6ea08b985fb2db16a76e90c\"><strong>\u00c9diteur du site :<\/strong><\/p>\n\n\n\n<p class=\"has-palette-color-4-color has-text-color has-link-color has-medium-font-size wp-elements-c3cd283a8501b3ddd88f65c99913f2fe\">\u2022&nbsp;Nom et pr\u00e9nom :&nbsp;<strong>Oum&nbsp;<\/strong><strong>Sakina<\/strong><\/p>\n\n\n\n<p class=\"has-palette-color-4-color has-text-color has-link-color has-medium-font-size wp-elements-b3cc1c0ec3f67c95fbeb36fdf1c065bf\">\u2022&nbsp;Activit\u00e9 : Psychopraticienne en psychoth\u00e9rapie&nbsp;islamiya<\/p>\n\n\n\n<p class=\"has-palette-color-4-color has-text-color has-link-color has-medium-font-size wp-elements-9abb42401e6f8bff3eaf654f49b34853\">\u2022&nbsp;Adresse postale : Le Caire, \u00c9gypte<\/p>\n\n\n\n<p class=\"has-palette-color-4-color has-text-color has-link-color has-medium-font-size wp-elements-046eabd02bdb821781f23ca563c6b89c\">\u2022&nbsp;Email&nbsp;:&nbsp;<strong>halipre.lucie@gmail.com<\/strong><\/p>\n\n\n\n<p class=\"has-palette-color-4-color has-text-color has-link-color has-medium-font-size wp-elements-c7dd98d3ef7714b4c4ef2bb3f8d537c3\">\u2022&nbsp;T\u00e9l\u00e9phone\/WhatsApp :&nbsp;<strong>+20 120 829 0803<\/strong><\/p>\n\n\n\n<p class=\"has-palette-color-4-color has-text-color has-link-color has-medium-font-size wp-elements-4315f75cddc15364b940e46b809ee12a\"><strong>H\u00e9bergement du site :<\/strong><\/p>\n\n\n\n<p class=\"has-palette-color-4-color has-text-color has-link-color has-medium-font-size wp-elements-25edd3a5c0839429f86672ddaba87d80\">\u2022&nbsp;OVH<\/p>\n\n\n\n<p class=\"has-palette-color-4-color has-text-color has-link-color has-medium-font-size wp-elements-d521ceb86d0cd9efbdaa2085a465e8ac\">\u2022&nbsp;Si\u00e8ge social : 2 rue Kellermann, 59100 Roubaix, France<\/p>\n\n\n\n<p class=\"has-palette-color-4-color has-text-color has-link-color has-medium-font-size wp-elements-ef5f403f68621e1497a8c2f69fce010d\">\u2022&nbsp;T\u00e9l\u00e9phone : 1007 (depuis la France)<\/p>\n\n\n\n<p class=\"has-palette-color-4-color has-text-color has-link-color has-medium-font-size wp-elements-00f3ee08be879d2ccdfa6b53551fc78e\"><strong>Responsable de publication :<\/strong><\/p>\n\n\n\n<p class=\"has-palette-color-4-color has-text-color has-link-color has-medium-font-size wp-elements-71c99418c22f7877456c594ffc2e8995\">\u2022&nbsp;Oum&nbsp;sakina<\/p>\n\n\n\n<p class=\"has-palette-color-4-color has-text-color has-link-color has-medium-font-size wp-elements-dfafbbe40ba264068def085efc0e8b36\"><strong>Propri\u00e9t\u00e9 intellectuelle :<\/strong><br>Tous les \u00e9l\u00e9ments du site (textes, graphismes, logo, images) sont prot\u00e9g\u00e9s par le droit d\u2019auteur. Toute reproduction totale ou partielle est interdite sans autorisation \u00e9crite pr\u00e9alable.<\/p>\n\n\n\n<p class=\"has-palette-color-4-color has-text-color has-link-color has-medium-font-size wp-elements-98e560b5ff267f96520672cd354d0bd3\"><strong>Limitation de responsabilit\u00e9 :<\/strong><br>Les informations pr\u00e9sentes sur le site sont fournies \u00e0 titre informatif. L\u2019\u00e9ditrice ne saurait \u00eatre tenue responsable des erreurs, omissions ou de l\u2019indisponibilit\u00e9 du site.<\/p>\n","protected":false},"excerpt":{"rendered":"<p>Conform\u00e9ment aux dispositions des articles 6-III et 19 de la Loi n\u00b02004-575 du 21 juin 2004 pour la confiance dans l\u2019\u00e9conomie num\u00e9rique, il est pr\u00e9cis\u00e9 aux utilisateurs du site&nbsp;sakina-therapie.pro&nbsp;l\u2019identit\u00e9 des diff\u00e9rents intervenants dans le cadre de sa r\u00e9alisation et de son suivi. \u00c9diteur du site : \u2022&nbsp;Nom et pr\u00e9nom :&nbsp;Oum&nbsp;Sakina \u2022&nbsp;Activit\u00e9 : Psychopraticienne en psychoth\u00e9rapie&nbsp;islamiya [&hellip;]<\/p>\n","protected":false},"author":1,"featured_media":2200,"parent":0,"menu_order":0,"comment_status":"closed","ping_status":"closed","template":"","meta":{"footnotes":""},"class_list":["post-2546","page","type-page","status-publish","has-post-thumbnail","hentry"],"blocksy_meta":[],"yoast_head":"<!-- This site is optimized with the Yoast SEO plugin v27.0 - https:\/\/yoast.com\/product\/yoast-seo-wordpress\/ -->\n<title>Mentions l\u00e9gales - Sakina th\u00e9rapie<\/title>\n<meta name=\"robots\" content=\"index, follow, max-snippet:-1, max-image-preview:large, max-video-preview:-1\" \/>\n<link rel=\"canonical\" href=\"https:\/\/sakina-therapie.pro\/index.php\/mentions-legales\/\" \/>\n<meta property=\"og:locale\" content=\"en_US\" \/>\n<meta property=\"og:type\" content=\"article\" \/>\n<meta property=\"og:title\" content=\"Mentions l\u00e9gales - Sakina th\u00e9rapie\" \/>\n<meta property=\"og:description\" content=\"Conform\u00e9ment aux dispositions des articles 6-III et 19 de la Loi n\u00b02004-575 du 21 juin 2004 pour la confiance dans l\u2019\u00e9conomie num\u00e9rique, il est pr\u00e9cis\u00e9 aux utilisateurs du site&nbsp;sakina-therapie.pro&nbsp;l\u2019identit\u00e9 des diff\u00e9rents intervenants dans le cadre de sa r\u00e9alisation et de son suivi. \u00c9diteur du site : \u2022&nbsp;Nom et pr\u00e9nom :&nbsp;Oum&nbsp;Sakina \u2022&nbsp;Activit\u00e9 : Psychopraticienne en psychoth\u00e9rapie&nbsp;islamiya [&hellip;]\" \/>\n<meta property=\"og:url\" content=\"https:\/\/sakina-therapie.pro\/index.php\/mentions-legales\/\" \/>\n<meta property=\"og:site_name\" content=\"Sakina th\u00e9rapie\" \/>\n<meta property=\"article:modified_time\" content=\"2025-10-05T16:27:08+00:00\" \/>\n<meta property=\"og:image\" content=\"https:\/\/sakina-therapie.pro\/wp-content\/uploads\/2025\/08\/bande-a-propos-3.png\" \/>\n\t<meta property=\"og:image:width\" content=\"1\" \/>\n\t<meta property=\"og:image:height\" content=\"1\" \/>\n\t<meta property=\"og:image:type\" content=\"image\/png\" \/>\n<meta name=\"twitter:card\" content=\"summary_large_image\" \/>\n<meta name=\"twitter:label1\" content=\"Est. reading time\" \/>\n\t<meta name=\"twitter:data1\" content=\"1 minute\" \/>\n<script type=\"application\/ld+json\" class=\"yoast-schema-graph\">{\"@context\":\"https:\/\/schema.org\",\"@graph\":[{\"@type\":\"WebPage\",\"@id\":\"https:\/\/sakina-therapie.pro\/index.php\/mentions-legales\/\",\"url\":\"https:\/\/sakina-therapie.pro\/index.php\/mentions-legales\/\",\"name\":\"Mentions l\u00e9gales - Sakina th\u00e9rapie\",\"isPartOf\":{\"@id\":\"https:\/\/sakina-therapie.pro\/#website\"},\"primaryImageOfPage\":{\"@id\":\"https:\/\/sakina-therapie.pro\/index.php\/mentions-legales\/#primaryimage\"},\"image\":{\"@id\":\"https:\/\/sakina-therapie.pro\/index.php\/mentions-legales\/#primaryimage\"},\"thumbnailUrl\":\"https:\/\/sakina-therapie.pro\/wp-content\/uploads\/2025\/08\/bande-a-propos-3.png\",\"datePublished\":\"2025-10-05T16:22:51+00:00\",\"dateModified\":\"2025-10-05T16:27:08+00:00\",\"breadcrumb\":{\"@id\":\"https:\/\/sakina-therapie.pro\/index.php\/mentions-legales\/#breadcrumb\"},\"inLanguage\":\"en-US\",\"potentialAction\":[{\"@type\":\"ReadAction\",\"target\":[\"https:\/\/sakina-therapie.pro\/index.php\/mentions-legales\/\"]}]},{\"@type\":\"ImageObject\",\"inLanguage\":\"en-US\",\"@id\":\"https:\/\/sakina-therapie.pro\/index.php\/mentions-legales\/#primaryimage\",\"url\":\"https:\/\/sakina-therapie.pro\/wp-content\/uploads\/2025\/08\/bande-a-propos-3.png\",\"contentUrl\":\"https:\/\/sakina-therapie.pro\/wp-content\/uploads\/2025\/08\/bande-a-propos-3.png\"},{\"@type\":\"BreadcrumbList\",\"@id\":\"https:\/\/sakina-therapie.pro\/index.php\/mentions-legales\/#breadcrumb\",\"itemListElement\":[{\"@type\":\"ListItem\",\"position\":1,\"name\":\"Accueil\",\"item\":\"https:\/\/sakina-therapie.pro\/\"},{\"@type\":\"ListItem\",\"position\":2,\"name\":\"Mentions l\u00e9gales\"}]},{\"@type\":\"WebSite\",\"@id\":\"https:\/\/sakina-therapie.pro\/#website\",\"url\":\"https:\/\/sakina-therapie.pro\/\",\"name\":\"Sakina th\u00e9rapie\",\"description\":\"Pas \u00e0 pas vers la sakina\",\"publisher\":{\"@id\":\"https:\/\/sakina-therapie.pro\/#organization\"},\"potentialAction\":[{\"@type\":\"SearchAction\",\"target\":{\"@type\":\"EntryPoint\",\"urlTemplate\":\"https:\/\/sakina-therapie.pro\/?s={search_term_string}\"},\"query-input\":{\"@type\":\"PropertyValueSpecification\",\"valueRequired\":true,\"valueName\":\"search_term_string\"}}],\"inLanguage\":\"en-US\"},{\"@type\":\"Organization\",\"@id\":\"https:\/\/sakina-therapie.pro\/#organization\",\"name\":\"Sakina th\u00e9rapie\",\"url\":\"https:\/\/sakina-therapie.pro\/\",\"logo\":{\"@type\":\"ImageObject\",\"inLanguage\":\"en-US\",\"@id\":\"https:\/\/sakina-therapie.pro\/#\/schema\/logo\/image\/\",\"url\":\"https:\/\/sakina-therapie.pro\/wp-content\/uploads\/2025\/08\/Logo-filigrane-pour-fond-clair.png\",\"contentUrl\":\"https:\/\/sakina-therapie.pro\/wp-content\/uploads\/2025\/08\/Logo-filigrane-pour-fond-clair.png\",\"width\":1209,\"height\":1640,\"caption\":\"Sakina th\u00e9rapie\"},\"image\":{\"@id\":\"https:\/\/sakina-therapie.pro\/#\/schema\/logo\/image\/\"}}]}<\/script>\n<!-- \/ Yoast SEO plugin. -->","yoast_head_json":{"title":"Mentions l\u00e9gales - Sakina th\u00e9rapie","robots":{"index":"index","follow":"follow","max-snippet":"max-snippet:-1","max-image-preview":"max-image-preview:large","max-video-preview":"max-video-preview:-1"},"canonical":"https:\/\/sakina-therapie.pro\/index.php\/mentions-legales\/","og_locale":"en_US","og_type":"article","og_title":"Mentions l\u00e9gales - Sakina th\u00e9rapie","og_description":"Conform\u00e9ment aux dispositions des articles 6-III et 19 de la Loi n\u00b02004-575 du 21 juin 2004 pour la confiance dans l\u2019\u00e9conomie num\u00e9rique, il est pr\u00e9cis\u00e9 aux utilisateurs du site&nbsp;sakina-therapie.pro&nbsp;l\u2019identit\u00e9 des diff\u00e9rents intervenants dans le cadre de sa r\u00e9alisation et de son suivi. \u00c9diteur du site : \u2022&nbsp;Nom et pr\u00e9nom :&nbsp;Oum&nbsp;Sakina \u2022&nbsp;Activit\u00e9 : Psychopraticienne en psychoth\u00e9rapie&nbsp;islamiya [&hellip;]","og_url":"https:\/\/sakina-therapie.pro\/index.php\/mentions-legales\/","og_site_name":"Sakina th\u00e9rapie","article_modified_time":"2025-10-05T16:27:08+00:00","og_image":[{"url":"https:\/\/sakina-therapie.pro\/wp-content\/uploads\/2025\/08\/bande-a-propos-3.png","width":1,"height":1,"type":"image\/png"}],"twitter_card":"summary_large_image","twitter_misc":{"Est. reading time":"1 minute"},"schema":{"@context":"https:\/\/schema.org","@graph":[{"@type":"WebPage","@id":"https:\/\/sakina-therapie.pro\/index.php\/mentions-legales\/","url":"https:\/\/sakina-therapie.pro\/index.php\/mentions-legales\/","name":"Mentions l\u00e9gales - Sakina th\u00e9rapie","isPartOf":{"@id":"https:\/\/sakina-therapie.pro\/#website"},"primaryImageOfPage":{"@id":"https:\/\/sakina-therapie.pro\/index.php\/mentions-legales\/#primaryimage"},"image":{"@id":"https:\/\/sakina-therapie.pro\/index.php\/mentions-legales\/#primaryimage"},"thumbnailUrl":"https:\/\/sakina-therapie.pro\/wp-content\/uploads\/2025\/08\/bande-a-propos-3.png","datePublished":"2025-10-05T16:22:51+00:00","dateModified":"2025-10-05T16:27:08+00:00","breadcrumb":{"@id":"https:\/\/sakina-therapie.pro\/index.php\/mentions-legales\/#breadcrumb"},"inLanguage":"en-US","potentialAction":[{"@type":"ReadAction","target":["https:\/\/sakina-therapie.pro\/index.php\/mentions-legales\/"]}]},{"@type":"ImageObject","inLanguage":"en-US","@id":"https:\/\/sakina-therapie.pro\/index.php\/mentions-legales\/#primaryimage","url":"https:\/\/sakina-therapie.pro\/wp-content\/uploads\/2025\/08\/bande-a-propos-3.png","contentUrl":"https:\/\/sakina-therapie.pro\/wp-content\/uploads\/2025\/08\/bande-a-propos-3.png"},{"@type":"BreadcrumbList","@id":"https:\/\/sakina-therapie.pro\/index.php\/mentions-legales\/#breadcrumb","itemListElement":[{"@type":"ListItem","position":1,"name":"Accueil","item":"https:\/\/sakina-therapie.pro\/"},{"@type":"ListItem","position":2,"name":"Mentions l\u00e9gales"}]},{"@type":"WebSite","@id":"https:\/\/sakina-therapie.pro\/#website","url":"https:\/\/sakina-therapie.pro\/","name":"Sakina th\u00e9rapie","description":"Pas \u00e0 pas vers la sakina","publisher":{"@id":"https:\/\/sakina-therapie.pro\/#organization"},"potentialAction":[{"@type":"SearchAction","target":{"@type":"EntryPoint","urlTemplate":"https:\/\/sakina-therapie.pro\/?s={search_term_string}"},"query-input":{"@type":"PropertyValueSpecification","valueRequired":true,"valueName":"search_term_string"}}],"inLanguage":"en-US"},{"@type":"Organization","@id":"https:\/\/sakina-therapie.pro\/#organization","name":"Sakina th\u00e9rapie","url":"https:\/\/sakina-therapie.pro\/","logo":{"@type":"ImageObject","inLanguage":"en-US","@id":"https:\/\/sakina-therapie.pro\/#\/schema\/logo\/image\/","url":"https:\/\/sakina-therapie.pro\/wp-content\/uploads\/2025\/08\/Logo-filigrane-pour-fond-clair.png","contentUrl":"https:\/\/sakina-therapie.pro\/wp-content\/uploads\/2025\/08\/Logo-filigrane-pour-fond-clair.png","width":1209,"height":1640,"caption":"Sakina th\u00e9rapie"},"image":{"@id":"https:\/\/sakina-therapie.pro\/#\/schema\/logo\/image\/"}}]}},"_links":{"self":[{"href":"https:\/\/sakina-therapie.pro\/index.php\/wp-json\/wp\/v2\/pages\/2546","targetHints":{"allow":["GET"]}}],"collection":[{"href":"https:\/\/sakina-therapie.pro\/index.php\/wp-json\/wp\/v2\/pages"}],"about":[{"href":"https:\/\/sakina-therapie.pro\/index.php\/wp-json\/wp\/v2\/types\/page"}],"author":[{"embeddable":true,"href":"https:\/\/sakina-therapie.pro\/index.php\/wp-json\/wp\/v2\/users\/1"}],"replies":[{"embeddable":true,"href":"https:\/\/sakina-therapie.pro\/index.php\/wp-json\/wp\/v2\/comments?post=2546"}],"version-history":[{"count":3,"href":"https:\/\/sakina-therapie.pro\/index.php\/wp-json\/wp\/v2\/pages\/2546\/revisions"}],"predecessor-version":[{"id":2552,"href":"https:\/\/sakina-therapie.pro\/index.php\/wp-json\/wp\/v2\/pages\/2546\/revisions\/2552"}],"wp:featuredmedia":[{"embeddable":true,"href":"https:\/\/sakina-therapie.pro\/index.php\/wp-json\/wp\/v2\/media\/2200"}],"wp:attachment":[{"href":"https:\/\/sakina-therapie.pro\/index.php\/wp-json\/wp\/v2\/media?parent=2546"}],"curies":[{"name":"wp","href":"https:\/\/api.w.org\/{rel}","templated":true}]}}