{"id":969,"date":"2022-08-31T07:15:04","date_gmt":"2022-08-31T07:15:04","guid":{"rendered":"https:\/\/startersites.io\/elementor\/charity\/?page_id=969"},"modified":"2025-09-19T12:45:17","modified_gmt":"2025-09-19T10:45:17","slug":"faq","status":"publish","type":"page","link":"https:\/\/sakina-therapie.pro\/index.php\/faq\/","title":{"rendered":"Faq"},"content":{"rendered":"\t\t<div data-elementor-type=\"wp-page\" data-elementor-id=\"969\" class=\"elementor elementor-969\" data-elementor-settings=\"{&quot;ha_cmc_init_switcher&quot;:&quot;no&quot;}\">\n\t\t\t\t\t\t<section class=\"elementor-section elementor-top-section elementor-element elementor-element-74d23367 elementor-section-boxed elementor-section-height-default elementor-section-height-default\" data-id=\"74d23367\" data-element_type=\"section\" data-e-type=\"section\" data-settings=\"{&quot;_ha_eqh_enable&quot;:false}\">\n\t\t\t\t\t\t<div class=\"elementor-container elementor-column-gap-default\">\n\t\t\t\t\t<div class=\"elementor-column elementor-col-100 elementor-top-column elementor-element elementor-element-329f24b4\" data-id=\"329f24b4\" data-element_type=\"column\" data-e-type=\"column\">\n\t\t\t<div class=\"elementor-widget-wrap elementor-element-populated\">\n\t\t\t\t\t\t<section class=\"elementor-section elementor-inner-section elementor-element elementor-element-6d2e9363 elementor-section-boxed elementor-section-height-default elementor-section-height-default\" data-id=\"6d2e9363\" data-element_type=\"section\" data-e-type=\"section\" data-settings=\"{&quot;_ha_eqh_enable&quot;:false}\">\n\t\t\t\t\t\t<div class=\"elementor-container elementor-column-gap-default\">\n\t\t\t\t\t<div class=\"elementor-column elementor-col-100 elementor-inner-column elementor-element elementor-element-d5301d2\" data-id=\"d5301d2\" data-element_type=\"column\" data-e-type=\"column\">\n\t\t\t<div class=\"elementor-widget-wrap\">\n\t\t\t\t\t\t\t<\/div>\n\t\t<\/div>\n\t\t\t\t\t<\/div>\n\t\t<\/section>\n\t\t\t\t<section class=\"elementor-section elementor-inner-section elementor-element elementor-element-133975c6 elementor-section-boxed elementor-section-height-default elementor-section-height-default\" data-id=\"133975c6\" data-element_type=\"section\" data-e-type=\"section\" data-settings=\"{&quot;_ha_eqh_enable&quot;:false}\">\n\t\t\t\t\t\t<div class=\"elementor-container elementor-column-gap-default\">\n\t\t\t\t\t<div class=\"elementor-column elementor-col-50 elementor-inner-column elementor-element elementor-element-7dcd8f6f\" data-id=\"7dcd8f6f\" data-element_type=\"column\" data-e-type=\"column\">\n\t\t\t<div class=\"elementor-widget-wrap elementor-element-populated\">\n\t\t\t\t\t\t<div class=\"elementor-element elementor-element-5ec648c9 ha-infobox-media-dir-top elementor-widget elementor-widget-ha-infobox happy-addon ha-infobox\" data-id=\"5ec648c9\" data-element_type=\"widget\" data-e-type=\"widget\" data-widget_type=\"ha-infobox.default\">\n\t\t\t\t\t\n\t\t\n\t\t<div class=\"ha-infobox-body\">\n\t\t\t<h4 class=\"ha-infobox-title\">Qu\u2019est-ce que la psychoth\u00e9rapie islamiya ?<\/h4>\n\t\t\t\t\t\t\t<div class=\"ha-infobox-text\">\n\t\t\t\t\t<p>La psychoth\u00e9rapie islamiya est une discipline reposant sur 3 piliers :\n\t\u2022\tla religiosit\u00e9\n\t\u2022\tles psychopathologies\n\t\u2022\tles maux occultes\n<\/p>\n\t\t\t\t<\/div>\n\t\t\t\n\t\t\t\t\t<\/div>\n\t\t\t\t\t\t<\/div>\n\t\t\t\t<div class=\"elementor-element elementor-element-48e4dbd1 ha-infobox-media-dir-top elementor-widget elementor-widget-ha-infobox happy-addon ha-infobox\" data-id=\"48e4dbd1\" data-element_type=\"widget\" data-e-type=\"widget\" data-widget_type=\"ha-infobox.default\">\n\t\t\t\t\t\n\t\t\n\t\t<div class=\"ha-infobox-body\">\n\t\t\t<h4 class=\"ha-infobox-title\">Cette discipline s\u2019adresse-t-elle \u00e0 tout le monde ?<\/h4>\n\t\t\t\t\t\t\t<div class=\"ha-infobox-text\">\n\t\t\t\t\t<p>Oui bien s\u00fbr, car elle prend en compte l\u2019individu dans sa globalit\u00e9 et sous ses divers aspects.\n<\/p>\n\t\t\t\t<\/div>\n\t\t\t\n\t\t\t\t\t<\/div>\n\t\t\t\t\t\t<\/div>\n\t\t\t\t<div class=\"elementor-element elementor-element-4510890c ha-infobox-media-dir-top elementor-widget elementor-widget-ha-infobox happy-addon ha-infobox\" data-id=\"4510890c\" data-element_type=\"widget\" data-e-type=\"widget\" data-widget_type=\"ha-infobox.default\">\n\t\t\t\t\t\n\t\t\n\t\t<div class=\"ha-infobox-body\">\n\t\t\t<h4 class=\"ha-infobox-title\"> Je suis musulmane mais n\u00e9gligente dans ma pratique, est-ce que cet accompagnement est fait pour moi ?<\/h4>\n\t\t\t\t\t\t\t<div class=\"ha-infobox-text\">\n\t\t\t\t\t<p>Bienvenue \u00e0 vous, l\u2019accompagnement est aussi fait pour vous sans aucun souci.\n<\/p>\n\t\t\t\t<\/div>\n\t\t\t\n\t\t\t\t\t<\/div>\n\t\t\t\t\t\t<\/div>\n\t\t\t\t<div class=\"elementor-element elementor-element-f51af9b ha-infobox-media-dir-top elementor-widget elementor-widget-ha-infobox happy-addon ha-infobox\" data-id=\"f51af9b\" data-element_type=\"widget\" data-e-type=\"widget\" data-widget_type=\"ha-infobox.default\">\n\t\t\t\t\t\n\t\t\n\t\t<div class=\"ha-infobox-body\">\n\t\t\t<h4 class=\"ha-infobox-title\">Combien de temps dure une s\u00e9ance ?<\/h4>\n\t\t\t\t\t\t\t<div class=\"ha-infobox-text\">\n\t\t\t\t\t<p>Toutes mes s\u00e9ances sont d\u2019une dur\u00e9e de 45 minutes inchaAllah afin d\u2019optimiser au mieux la concentration.\n<\/p>\n\t\t\t\t<\/div>\n\t\t\t\n\t\t\t\t\t<\/div>\n\t\t\t\t\t\t<\/div>\n\t\t\t\t<div class=\"elementor-element elementor-element-5dba884 ha-infobox-media-dir-top elementor-widget elementor-widget-ha-infobox happy-addon ha-infobox\" data-id=\"5dba884\" data-element_type=\"widget\" data-e-type=\"widget\" data-widget_type=\"ha-infobox.default\">\n\t\t\t\t\t\n\t\t\n\t\t<div class=\"ha-infobox-body\">\n\t\t\t<h4 class=\"ha-infobox-title\">J\u2019appr\u00e9hende mon premier rendez-vous, que pouvez-vous me conseiller ?<\/h4>\n\t\t\t\t\t\t\t<div class=\"ha-infobox-text\">\n\t\t\t\t\t<p>Soyez rassur\u00e9e, c\u2019est une r\u00e9action tout \u00e0 fait normale et compr\u00e9hensible.\nRappelez-vous pourquoi vous souhaitez entreprendre cette d\u00e9marche et les objectifs que vous souhaitez atteindre, par la permission d\u2019Allah.\nJe suis l\u00e0 pour vous accompagner avec bienveillance, sans jugement et au mieux de mes capacit\u00e9s.\n\n<\/p>\n\t\t\t\t<\/div>\n\t\t\t\n\t\t\t\t\t<\/div>\n\t\t\t\t\t\t<\/div>\n\t\t\t\t<div class=\"elementor-element elementor-element-fa10f54 ha-infobox-media-dir-top elementor-widget elementor-widget-ha-infobox happy-addon ha-infobox\" data-id=\"fa10f54\" data-element_type=\"widget\" data-e-type=\"widget\" data-widget_type=\"ha-infobox.default\">\n\t\t\t\t\t\n\t\t\n\t\t<div class=\"ha-infobox-body\">\n\t\t\t<h4 class=\"ha-infobox-title\">\u00c0 quelle fr\u00e9quence prendre rendez-vous ?<\/h4>\n\t\t\t\t\t\t\t<div class=\"ha-infobox-text\">\n\t\t\t\t\t<p>Dans les d\u00e9buts d\u2019un suivi, je conseille une fr\u00e9quence d\u2019une fois par semaine \u00e0 une fois toutes les deux semaines au maximum.\n<\/p>\n\t\t\t\t<\/div>\n\t\t\t\n\t\t\t\t\t<\/div>\n\t\t\t\t\t\t<\/div>\n\t\t\t\t\t<\/div>\n\t\t<\/div>\n\t\t\t\t<div class=\"elementor-column elementor-col-50 elementor-inner-column elementor-element elementor-element-7003424e\" data-id=\"7003424e\" data-element_type=\"column\" data-e-type=\"column\">\n\t\t\t<div class=\"elementor-widget-wrap elementor-element-populated\">\n\t\t\t\t\t\t<div class=\"elementor-element elementor-element-4a7952a5 ha-infobox-media-dir-top elementor-widget elementor-widget-ha-infobox happy-addon ha-infobox\" data-id=\"4a7952a5\" data-element_type=\"widget\" data-e-type=\"widget\" data-widget_type=\"ha-infobox.default\">\n\t\t\t\t\t\n\t\t\n\t\t<div class=\"ha-infobox-body\">\n\t\t\t<h4 class=\"ha-infobox-title\">Est-ce que le suivi est le m\u00eame pour chaque patiente ?<\/h4>\n\t\t\t\t\t\t\t<div class=\"ha-infobox-text\">\n\t\t\t\t\t<p>Non, le suivi est personnalis\u00e9, chacune ayant son individualit\u00e9, son propre fonctionnement, ses capacit\u00e9s, et chacune chemine \u00e0 son rythme.\n<\/p>\n\t\t\t\t<\/div>\n\t\t\t\n\t\t\t\t\t<\/div>\n\t\t\t\t\t\t<\/div>\n\t\t\t\t<div class=\"elementor-element elementor-element-24d6f764 ha-infobox-media-dir-top elementor-widget elementor-widget-ha-infobox happy-addon ha-infobox\" data-id=\"24d6f764\" data-element_type=\"widget\" data-e-type=\"widget\" data-widget_type=\"ha-infobox.default\">\n\t\t\t\t\t\n\t\t\n\t\t<div class=\"ha-infobox-body\">\n\t\t\t<h4 class=\"ha-infobox-title\">Puis-je r\u00e9server une s\u00e9ance pour une proche ?<\/h4>\n\t\t\t\t\t\t\t<div class=\"ha-infobox-text\">\n\t\t\t\t\t<p>Il est pr\u00e9f\u00e9rable que la personne vienne d\u2019elle-m\u00eame, qu\u2019elle soit ouverte au suivi et souhaite entreprendre ce chemin. Cependant, si ce cas se pr\u00e9sente, je ne ferme pas la porte inchaAllah.\n<\/p>\n\t\t\t\t<\/div>\n\t\t\t\n\t\t\t\t\t<\/div>\n\t\t\t\t\t\t<\/div>\n\t\t\t\t<div class=\"elementor-element elementor-element-4caa6d81 ha-infobox-media-dir-top elementor-widget elementor-widget-ha-infobox happy-addon ha-infobox\" data-id=\"4caa6d81\" data-element_type=\"widget\" data-e-type=\"widget\" data-widget_type=\"ha-infobox.default\">\n\t\t\t\t\t\n\t\t\n\t\t<div class=\"ha-infobox-body\">\n\t\t\t<h4 class=\"ha-infobox-title\">Suivez-vous aussi les hommes en th\u00e9rapie ?<\/h4>\n\t\t\t\t\t\t\t<div class=\"ha-infobox-text\">\n\t\t\t\t\t<p>Je ne pratique AUCUN suivi avec les hommes.\n<\/p>\n\t\t\t\t<\/div>\n\t\t\t\n\t\t\t\t\t<\/div>\n\t\t\t\t\t\t<\/div>\n\t\t\t\t<div class=\"elementor-element elementor-element-a0b28b2 ha-infobox-media-dir-top elementor-widget elementor-widget-ha-infobox happy-addon ha-infobox\" data-id=\"a0b28b2\" data-element_type=\"widget\" data-e-type=\"widget\" data-widget_type=\"ha-infobox.default\">\n\t\t\t\t\t\n\t\t\n\t\t<div class=\"ha-infobox-body\">\n\t\t\t<h4 class=\"ha-infobox-title\"> Si je traverse des probl\u00e8mes de couple avec mon \u00e9poux, pouvez-vous nous prendre en suivi\/th\u00e9rapie de couple ?<\/h4>\n\t\t\t\t\t\t\t<div class=\"ha-infobox-text\">\n\t\t\t\t\t<p>Si vous \u00e9prouvez des difficult\u00e9s dans votre couple, nous pourrons en parler ensemble ch\u00e8re s\u0153ur. Cependant, je n\u2019accepte pas de consultation en pr\u00e9sence de l\u2019\u00e9poux.\n\n<\/p>\n\t\t\t\t<\/div>\n\t\t\t\n\t\t\t\t\t<\/div>\n\t\t\t\t\t\t<\/div>\n\t\t\t\t<div class=\"elementor-element elementor-element-ae2f7b9 ha-infobox-media-dir-top elementor-widget elementor-widget-ha-infobox happy-addon ha-infobox\" data-id=\"ae2f7b9\" data-element_type=\"widget\" data-e-type=\"widget\" data-widget_type=\"ha-infobox.default\">\n\t\t\t\t\t\n\t\t\n\t\t<div class=\"ha-infobox-body\">\n\t\t\t<h4 class=\"ha-infobox-title\">Puis-je enregistrer nos s\u00e9ances afin de les r\u00e9\u00e9couter si j\u2019en \u00e9prouve le besoin ?<\/h4>\n\t\t\t\t\t\t\t<div class=\"ha-infobox-text\">\n\t\t\t\t\t<p>Par souci de pr\u00e9servation de ma personne, je ne permets pas d\u2019enregistrer les s\u00e9ances effectu\u00e9es.\nEn revanche, j\u2019invite mes s\u0153urs \u00e0 prendre des notes de ce qui sera dit en s\u00e9ance, \u00e0 noter ce qui aura besoin d\u2019\u00eatre mis en lumi\u00e8re et sur quoi il sera bon de revenir apr\u00e8s le rendez-vous.\n\n<\/p>\n\t\t\t\t<\/div>\n\t\t\t\n\t\t\t\t\t<\/div>\n\t\t\t\t\t\t<\/div>\n\t\t\t\t<div class=\"elementor-element elementor-element-ca8806c ha-infobox-media-dir-top elementor-widget elementor-widget-ha-infobox happy-addon ha-infobox\" data-id=\"ca8806c\" data-element_type=\"widget\" data-e-type=\"widget\" data-widget_type=\"ha-infobox.default\">\n\t\t\t\t\t\n\t\t\n\t\t<div class=\"ha-infobox-body\">\n\t\t\t<h4 class=\"ha-infobox-title\">\u00cates-vous apte \u00e0 d\u00e9livrer des fatwas religieuses ?<\/h4>\n\t\t\t\t\t\t\t<div class=\"ha-infobox-text\">\n\t\t\t\t\t<p>Je n\u2019ai pas la capacit\u00e9 de donner des fatwas. En revanche, des versets du Coran et des ahadiths seront pr\u00e9sents et utilis\u00e9s au cours du suivi.<\/p>\n\t\t\t\t<\/div>\n\t\t\t\n\t\t\t\t\t<\/div>\n\t\t\t\t\t\t<\/div>\n\t\t\t\t\t<\/div>\n\t\t<\/div>\n\t\t\t\t\t<\/div>\n\t\t<\/section>\n\t\t\t\t\t<\/div>\n\t\t<\/div>\n\t\t\t\t\t<\/div>\n\t\t<\/section>\n\t\t\t\t<\/div>\n\t\t","protected":false},"excerpt":{"rendered":"<p>Qu\u2019est-ce que la psychoth\u00e9rapie islamiya ? La psychoth\u00e9rapie islamiya est une discipline reposant sur 3 piliers : \u2022 la religiosit\u00e9 \u2022 les psychopathologies \u2022 les maux occultes Cette discipline s\u2019adresse-t-elle \u00e0 tout le monde ? Oui bien s\u00fbr, car elle prend en compte l\u2019individu dans sa globalit\u00e9 et sous ses divers aspects. Je suis musulmane [&hellip;]<\/p>\n","protected":false},"author":1,"featured_media":2200,"parent":0,"menu_order":0,"comment_status":"closed","ping_status":"closed","template":"","meta":{"footnotes":""},"class_list":["post-969","page","type-page","status-publish","has-post-thumbnail","hentry"],"blocksy_meta":{"styles_descriptor":{"styles":{"desktop":"","tablet":"","mobile":""},"google_fonts":[],"version":6}},"yoast_head":"<!-- This site is optimized with the Yoast SEO plugin v27.0 - https:\/\/yoast.com\/product\/yoast-seo-wordpress\/ -->\n<title>Faq - Sakina th\u00e9rapie<\/title>\n<meta name=\"robots\" content=\"index, follow, max-snippet:-1, max-image-preview:large, max-video-preview:-1\" \/>\n<link rel=\"canonical\" href=\"https:\/\/sakina-therapie.pro\/index.php\/faq\/\" \/>\n<meta property=\"og:locale\" content=\"en_US\" \/>\n<meta property=\"og:type\" content=\"article\" \/>\n<meta property=\"og:title\" content=\"Faq - Sakina th\u00e9rapie\" \/>\n<meta property=\"og:description\" content=\"Qu\u2019est-ce que la psychoth\u00e9rapie islamiya ? La psychoth\u00e9rapie islamiya est une discipline reposant sur 3 piliers : \u2022 la religiosit\u00e9 \u2022 les psychopathologies \u2022 les maux occultes Cette discipline s\u2019adresse-t-elle \u00e0 tout le monde ? Oui bien s\u00fbr, car elle prend en compte l\u2019individu dans sa globalit\u00e9 et sous ses divers aspects. Je suis musulmane [&hellip;]\" \/>\n<meta property=\"og:url\" content=\"https:\/\/sakina-therapie.pro\/index.php\/faq\/\" \/>\n<meta property=\"og:site_name\" content=\"Sakina th\u00e9rapie\" \/>\n<meta property=\"article:modified_time\" content=\"2025-09-19T10:45:17+00:00\" \/>\n<meta property=\"og:image\" content=\"https:\/\/sakina-therapie.pro\/wp-content\/uploads\/2025\/08\/bande-a-propos-3.png\" \/>\n\t<meta property=\"og:image:width\" content=\"1\" \/>\n\t<meta property=\"og:image:height\" content=\"1\" \/>\n\t<meta property=\"og:image:type\" content=\"image\/png\" \/>\n<meta name=\"twitter:card\" content=\"summary_large_image\" \/>\n<meta name=\"twitter:label1\" content=\"Est. reading time\" \/>\n\t<meta name=\"twitter:data1\" content=\"2 minutes\" \/>\n<script type=\"application\/ld+json\" class=\"yoast-schema-graph\">{\"@context\":\"https:\/\/schema.org\",\"@graph\":[{\"@type\":\"WebPage\",\"@id\":\"https:\/\/sakina-therapie.pro\/index.php\/faq\/\",\"url\":\"https:\/\/sakina-therapie.pro\/index.php\/faq\/\",\"name\":\"Faq - Sakina th\u00e9rapie\",\"isPartOf\":{\"@id\":\"https:\/\/sakina-therapie.pro\/#website\"},\"primaryImageOfPage\":{\"@id\":\"https:\/\/sakina-therapie.pro\/index.php\/faq\/#primaryimage\"},\"image\":{\"@id\":\"https:\/\/sakina-therapie.pro\/index.php\/faq\/#primaryimage\"},\"thumbnailUrl\":\"https:\/\/sakina-therapie.pro\/wp-content\/uploads\/2025\/08\/bande-a-propos-3.png\",\"datePublished\":\"2022-08-31T07:15:04+00:00\",\"dateModified\":\"2025-09-19T10:45:17+00:00\",\"breadcrumb\":{\"@id\":\"https:\/\/sakina-therapie.pro\/index.php\/faq\/#breadcrumb\"},\"inLanguage\":\"en-US\",\"potentialAction\":[{\"@type\":\"ReadAction\",\"target\":[\"https:\/\/sakina-therapie.pro\/index.php\/faq\/\"]}]},{\"@type\":\"ImageObject\",\"inLanguage\":\"en-US\",\"@id\":\"https:\/\/sakina-therapie.pro\/index.php\/faq\/#primaryimage\",\"url\":\"https:\/\/sakina-therapie.pro\/wp-content\/uploads\/2025\/08\/bande-a-propos-3.png\",\"contentUrl\":\"https:\/\/sakina-therapie.pro\/wp-content\/uploads\/2025\/08\/bande-a-propos-3.png\"},{\"@type\":\"BreadcrumbList\",\"@id\":\"https:\/\/sakina-therapie.pro\/index.php\/faq\/#breadcrumb\",\"itemListElement\":[{\"@type\":\"ListItem\",\"position\":1,\"name\":\"Accueil\",\"item\":\"https:\/\/sakina-therapie.pro\/\"},{\"@type\":\"ListItem\",\"position\":2,\"name\":\"Faq\"}]},{\"@type\":\"WebSite\",\"@id\":\"https:\/\/sakina-therapie.pro\/#website\",\"url\":\"https:\/\/sakina-therapie.pro\/\",\"name\":\"Sakina th\u00e9rapie\",\"description\":\"Pas \u00e0 pas vers la sakina\",\"publisher\":{\"@id\":\"https:\/\/sakina-therapie.pro\/#organization\"},\"potentialAction\":[{\"@type\":\"SearchAction\",\"target\":{\"@type\":\"EntryPoint\",\"urlTemplate\":\"https:\/\/sakina-therapie.pro\/?s={search_term_string}\"},\"query-input\":{\"@type\":\"PropertyValueSpecification\",\"valueRequired\":true,\"valueName\":\"search_term_string\"}}],\"inLanguage\":\"en-US\"},{\"@type\":\"Organization\",\"@id\":\"https:\/\/sakina-therapie.pro\/#organization\",\"name\":\"Sakina th\u00e9rapie\",\"url\":\"https:\/\/sakina-therapie.pro\/\",\"logo\":{\"@type\":\"ImageObject\",\"inLanguage\":\"en-US\",\"@id\":\"https:\/\/sakina-therapie.pro\/#\/schema\/logo\/image\/\",\"url\":\"https:\/\/sakina-therapie.pro\/wp-content\/uploads\/2025\/08\/Logo-filigrane-pour-fond-clair.png\",\"contentUrl\":\"https:\/\/sakina-therapie.pro\/wp-content\/uploads\/2025\/08\/Logo-filigrane-pour-fond-clair.png\",\"width\":1209,\"height\":1640,\"caption\":\"Sakina th\u00e9rapie\"},\"image\":{\"@id\":\"https:\/\/sakina-therapie.pro\/#\/schema\/logo\/image\/\"}}]}<\/script>\n<!-- \/ Yoast SEO plugin. -->","yoast_head_json":{"title":"Faq - Sakina th\u00e9rapie","robots":{"index":"index","follow":"follow","max-snippet":"max-snippet:-1","max-image-preview":"max-image-preview:large","max-video-preview":"max-video-preview:-1"},"canonical":"https:\/\/sakina-therapie.pro\/index.php\/faq\/","og_locale":"en_US","og_type":"article","og_title":"Faq - Sakina th\u00e9rapie","og_description":"Qu\u2019est-ce que la psychoth\u00e9rapie islamiya ? La psychoth\u00e9rapie islamiya est une discipline reposant sur 3 piliers : \u2022 la religiosit\u00e9 \u2022 les psychopathologies \u2022 les maux occultes Cette discipline s\u2019adresse-t-elle \u00e0 tout le monde ? Oui bien s\u00fbr, car elle prend en compte l\u2019individu dans sa globalit\u00e9 et sous ses divers aspects. Je suis musulmane [&hellip;]","og_url":"https:\/\/sakina-therapie.pro\/index.php\/faq\/","og_site_name":"Sakina th\u00e9rapie","article_modified_time":"2025-09-19T10:45:17+00:00","og_image":[{"url":"https:\/\/sakina-therapie.pro\/wp-content\/uploads\/2025\/08\/bande-a-propos-3.png","width":1,"height":1,"type":"image\/png"}],"twitter_card":"summary_large_image","twitter_misc":{"Est. reading time":"2 minutes"},"schema":{"@context":"https:\/\/schema.org","@graph":[{"@type":"WebPage","@id":"https:\/\/sakina-therapie.pro\/index.php\/faq\/","url":"https:\/\/sakina-therapie.pro\/index.php\/faq\/","name":"Faq - Sakina th\u00e9rapie","isPartOf":{"@id":"https:\/\/sakina-therapie.pro\/#website"},"primaryImageOfPage":{"@id":"https:\/\/sakina-therapie.pro\/index.php\/faq\/#primaryimage"},"image":{"@id":"https:\/\/sakina-therapie.pro\/index.php\/faq\/#primaryimage"},"thumbnailUrl":"https:\/\/sakina-therapie.pro\/wp-content\/uploads\/2025\/08\/bande-a-propos-3.png","datePublished":"2022-08-31T07:15:04+00:00","dateModified":"2025-09-19T10:45:17+00:00","breadcrumb":{"@id":"https:\/\/sakina-therapie.pro\/index.php\/faq\/#breadcrumb"},"inLanguage":"en-US","potentialAction":[{"@type":"ReadAction","target":["https:\/\/sakina-therapie.pro\/index.php\/faq\/"]}]},{"@type":"ImageObject","inLanguage":"en-US","@id":"https:\/\/sakina-therapie.pro\/index.php\/faq\/#primaryimage","url":"https:\/\/sakina-therapie.pro\/wp-content\/uploads\/2025\/08\/bande-a-propos-3.png","contentUrl":"https:\/\/sakina-therapie.pro\/wp-content\/uploads\/2025\/08\/bande-a-propos-3.png"},{"@type":"BreadcrumbList","@id":"https:\/\/sakina-therapie.pro\/index.php\/faq\/#breadcrumb","itemListElement":[{"@type":"ListItem","position":1,"name":"Accueil","item":"https:\/\/sakina-therapie.pro\/"},{"@type":"ListItem","position":2,"name":"Faq"}]},{"@type":"WebSite","@id":"https:\/\/sakina-therapie.pro\/#website","url":"https:\/\/sakina-therapie.pro\/","name":"Sakina th\u00e9rapie","description":"Pas \u00e0 pas vers la sakina","publisher":{"@id":"https:\/\/sakina-therapie.pro\/#organization"},"potentialAction":[{"@type":"SearchAction","target":{"@type":"EntryPoint","urlTemplate":"https:\/\/sakina-therapie.pro\/?s={search_term_string}"},"query-input":{"@type":"PropertyValueSpecification","valueRequired":true,"valueName":"search_term_string"}}],"inLanguage":"en-US"},{"@type":"Organization","@id":"https:\/\/sakina-therapie.pro\/#organization","name":"Sakina th\u00e9rapie","url":"https:\/\/sakina-therapie.pro\/","logo":{"@type":"ImageObject","inLanguage":"en-US","@id":"https:\/\/sakina-therapie.pro\/#\/schema\/logo\/image\/","url":"https:\/\/sakina-therapie.pro\/wp-content\/uploads\/2025\/08\/Logo-filigrane-pour-fond-clair.png","contentUrl":"https:\/\/sakina-therapie.pro\/wp-content\/uploads\/2025\/08\/Logo-filigrane-pour-fond-clair.png","width":1209,"height":1640,"caption":"Sakina th\u00e9rapie"},"image":{"@id":"https:\/\/sakina-therapie.pro\/#\/schema\/logo\/image\/"}}]}},"_links":{"self":[{"href":"https:\/\/sakina-therapie.pro\/index.php\/wp-json\/wp\/v2\/pages\/969","targetHints":{"allow":["GET"]}}],"collection":[{"href":"https:\/\/sakina-therapie.pro\/index.php\/wp-json\/wp\/v2\/pages"}],"about":[{"href":"https:\/\/sakina-therapie.pro\/index.php\/wp-json\/wp\/v2\/types\/page"}],"author":[{"embeddable":true,"href":"https:\/\/sakina-therapie.pro\/index.php\/wp-json\/wp\/v2\/users\/1"}],"replies":[{"embeddable":true,"href":"https:\/\/sakina-therapie.pro\/index.php\/wp-json\/wp\/v2\/comments?post=969"}],"version-history":[{"count":23,"href":"https:\/\/sakina-therapie.pro\/index.php\/wp-json\/wp\/v2\/pages\/969\/revisions"}],"predecessor-version":[{"id":2480,"href":"https:\/\/sakina-therapie.pro\/index.php\/wp-json\/wp\/v2\/pages\/969\/revisions\/2480"}],"wp:featuredmedia":[{"embeddable":true,"href":"https:\/\/sakina-therapie.pro\/index.php\/wp-json\/wp\/v2\/media\/2200"}],"wp:attachment":[{"href":"https:\/\/sakina-therapie.pro\/index.php\/wp-json\/wp\/v2\/media?parent=969"}],"curies":[{"name":"wp","href":"https:\/\/api.w.org\/{rel}","templated":true}]}}